{"id":2982,"date":"2020-12-06T12:53:14","date_gmt":"2020-12-06T11:53:14","guid":{"rendered":"https:\/\/faz-hochrhein.de\/abenteuerland\/?page_id=2982"},"modified":"2020-12-12T17:33:06","modified_gmt":"2020-12-12T16:33:06","slug":"forschungsstation","status":"publish","type":"page","link":"https:\/\/faz-hochrhein.de\/abenteuerland\/ueber-uns\/forschungsstation\/","title":{"rendered":"Forschungsstation"},"content":{"rendered":"\n<figure class=\"wp-block-image size-large\"><img loading=\"lazy\" decoding=\"async\" width=\"1024\" height=\"360\" src=\"https:\/\/faz-hochrhein.de\/abenteuerland\/wp-content\/uploads\/2020\/12\/forschungsstation-1024x360.png\" alt=\"\" class=\"wp-image-2937\" srcset=\"https:\/\/faz-hochrhein.de\/abenteuerland\/wp-content\/uploads\/2020\/12\/forschungsstation-1024x360.png 1024w, https:\/\/faz-hochrhein.de\/abenteuerland\/wp-content\/uploads\/2020\/12\/forschungsstation-300x105.png 300w, https:\/\/faz-hochrhein.de\/abenteuerland\/wp-content\/uploads\/2020\/12\/forschungsstation-1536x540.png 1536w, https:\/\/faz-hochrhein.de\/abenteuerland\/wp-content\/uploads\/2020\/12\/forschungsstation-250x88.png 250w, https:\/\/faz-hochrhein.de\/abenteuerland\/wp-content\/uploads\/2020\/12\/forschungsstation-550x193.png 550w, https:\/\/faz-hochrhein.de\/abenteuerland\/wp-content\/uploads\/2020\/12\/forschungsstation-800x281.png 800w, https:\/\/faz-hochrhein.de\/abenteuerland\/wp-content\/uploads\/2020\/12\/forschungsstation-512x180.png 512w, https:\/\/faz-hochrhein.de\/abenteuerland\/wp-content\/uploads\/2020\/12\/forschungsstation-853x300.png 853w, https:\/\/faz-hochrhein.de\/abenteuerland\/wp-content\/uploads\/2020\/12\/forschungsstation-1422x500.png 1422w, https:\/\/faz-hochrhein.de\/abenteuerland\/wp-content\/uploads\/2020\/12\/forschungsstation.png 1678w\" sizes=\"auto, (max-width: 1024px) 100vw, 1024px\" \/><\/figure>\n\n\n\n<p>In einem umgebauten Bauwagen wird ein inklusives Forschungslabor entstehen. Dieses ist so aufgebaut, dass es Kinder und Jugendliche mit oder ohne Behinderung anspricht und auch mobil genutzt werden kann &#8211; das hei\u00dft, die p\u00e4dagogischen Elemente des Forschungslabors k\u00f6nnen auch au\u00dferhalb des Bauwagens genutzt werden. Dabei soll den Kindern die Wichtigkeit von Natur, Umweltschutz und Nachhaltigkeit durch Experimente in der unmittelbaren (nat\u00fcrlichen) Umgebung nahe gebracht werden.<\/p>\n\n\n\n<div class=\"wp-block-jetpack-slideshow aligncenter\" data-effect=\"slide\"><div class=\"wp-block-jetpack-slideshow_container swiper-container\"><ul class=\"wp-block-jetpack-slideshow_swiper-wrapper swiper-wrapper\"><li class=\"wp-block-jetpack-slideshow_slide swiper-slide\"><figure><img loading=\"lazy\" decoding=\"async\" width=\"1024\" height=\"768\" alt=\"Bauwagen Abenteuerland\" class=\"wp-block-jetpack-slideshow_image wp-image-2612\" data-id=\"2612\" src=\"https:\/\/faz-hochrhein.de\/abenteuerland\/wp-content\/uploads\/2020\/05\/IMG_8048-1024x768.jpg\" srcset=\"https:\/\/faz-hochrhein.de\/abenteuerland\/wp-content\/uploads\/2020\/05\/IMG_8048-1024x768.jpg 1024w, https:\/\/faz-hochrhein.de\/abenteuerland\/wp-content\/uploads\/2020\/05\/IMG_8048-300x225.jpg 300w, https:\/\/faz-hochrhein.de\/abenteuerland\/wp-content\/uploads\/2020\/05\/IMG_8048-1536x1152.jpg 1536w, https:\/\/faz-hochrhein.de\/abenteuerland\/wp-content\/uploads\/2020\/05\/IMG_8048-250x187.jpg 250w, https:\/\/faz-hochrhein.de\/abenteuerland\/wp-content\/uploads\/2020\/05\/IMG_8048-550x412.jpg 550w, https:\/\/faz-hochrhein.de\/abenteuerland\/wp-content\/uploads\/2020\/05\/IMG_8048-800x600.jpg 800w, https:\/\/faz-hochrhein.de\/abenteuerland\/wp-content\/uploads\/2020\/05\/IMG_8048-239x180.jpg 239w, https:\/\/faz-hochrhein.de\/abenteuerland\/wp-content\/uploads\/2020\/05\/IMG_8048-399x300.jpg 399w, https:\/\/faz-hochrhein.de\/abenteuerland\/wp-content\/uploads\/2020\/05\/IMG_8048-666x500.jpg 666w, https:\/\/faz-hochrhein.de\/abenteuerland\/wp-content\/uploads\/2020\/05\/IMG_8048.jpg 1849w\" sizes=\"auto, (max-width: 1024px) 100vw, 1024px\" \/><\/figure><\/li><li class=\"wp-block-jetpack-slideshow_slide swiper-slide\"><figure><img loading=\"lazy\" decoding=\"async\" width=\"1024\" height=\"768\" alt=\"Bauwagen Abenteuerland\" class=\"wp-block-jetpack-slideshow_image wp-image-2615\" data-id=\"2615\" src=\"https:\/\/faz-hochrhein.de\/abenteuerland\/wp-content\/uploads\/2020\/05\/IMG_8050-1024x768.jpg\" srcset=\"https:\/\/faz-hochrhein.de\/abenteuerland\/wp-content\/uploads\/2020\/05\/IMG_8050-1024x768.jpg 1024w, https:\/\/faz-hochrhein.de\/abenteuerland\/wp-content\/uploads\/2020\/05\/IMG_8050-300x225.jpg 300w, https:\/\/faz-hochrhein.de\/abenteuerland\/wp-content\/uploads\/2020\/05\/IMG_8050-1536x1152.jpg 1536w, https:\/\/faz-hochrhein.de\/abenteuerland\/wp-content\/uploads\/2020\/05\/IMG_8050-250x187.jpg 250w, https:\/\/faz-hochrhein.de\/abenteuerland\/wp-content\/uploads\/2020\/05\/IMG_8050-550x412.jpg 550w, https:\/\/faz-hochrhein.de\/abenteuerland\/wp-content\/uploads\/2020\/05\/IMG_8050-800x600.jpg 800w, https:\/\/faz-hochrhein.de\/abenteuerland\/wp-content\/uploads\/2020\/05\/IMG_8050-240x180.jpg 240w, https:\/\/faz-hochrhein.de\/abenteuerland\/wp-content\/uploads\/2020\/05\/IMG_8050-400x300.jpg 400w, https:\/\/faz-hochrhein.de\/abenteuerland\/wp-content\/uploads\/2020\/05\/IMG_8050-666x500.jpg 666w, https:\/\/faz-hochrhein.de\/abenteuerland\/wp-content\/uploads\/2020\/05\/IMG_8050.jpg 2016w\" sizes=\"auto, (max-width: 1024px) 100vw, 1024px\" \/><\/figure><\/li><li class=\"wp-block-jetpack-slideshow_slide swiper-slide\"><figure><img loading=\"lazy\" decoding=\"async\" width=\"1024\" height=\"768\" alt=\"\" class=\"wp-block-jetpack-slideshow_image wp-image-2935\" data-id=\"2935\" src=\"https:\/\/faz-hochrhein.de\/abenteuerland\/wp-content\/uploads\/2020\/12\/Schatzkisten-gefu\u0308llt-1024x768.jpg\" srcset=\"https:\/\/faz-hochrhein.de\/abenteuerland\/wp-content\/uploads\/2020\/12\/Schatzkisten-gefu\u0308llt-1024x768.jpg 1024w, https:\/\/faz-hochrhein.de\/abenteuerland\/wp-content\/uploads\/2020\/12\/Schatzkisten-gefu\u0308llt-300x225.jpg 300w, https:\/\/faz-hochrhein.de\/abenteuerland\/wp-content\/uploads\/2020\/12\/Schatzkisten-gefu\u0308llt-1536x1152.jpg 1536w, https:\/\/faz-hochrhein.de\/abenteuerland\/wp-content\/uploads\/2020\/12\/Schatzkisten-gefu\u0308llt-250x188.jpg 250w, https:\/\/faz-hochrhein.de\/abenteuerland\/wp-content\/uploads\/2020\/12\/Schatzkisten-gefu\u0308llt-550x413.jpg 550w, https:\/\/faz-hochrhein.de\/abenteuerland\/wp-content\/uploads\/2020\/12\/Schatzkisten-gefu\u0308llt-800x600.jpg 800w, https:\/\/faz-hochrhein.de\/abenteuerland\/wp-content\/uploads\/2020\/12\/Schatzkisten-gefu\u0308llt-240x180.jpg 240w, https:\/\/faz-hochrhein.de\/abenteuerland\/wp-content\/uploads\/2020\/12\/Schatzkisten-gefu\u0308llt-400x300.jpg 400w, https:\/\/faz-hochrhein.de\/abenteuerland\/wp-content\/uploads\/2020\/12\/Schatzkisten-gefu\u0308llt-667x500.jpg 667w, https:\/\/faz-hochrhein.de\/abenteuerland\/wp-content\/uploads\/2020\/12\/Schatzkisten-gefu\u0308llt.jpg 1600w\" sizes=\"auto, (max-width: 1024px) 100vw, 1024px\" \/><\/figure><\/li><li class=\"wp-block-jetpack-slideshow_slide swiper-slide\"><figure><img loading=\"lazy\" decoding=\"async\" width=\"1024\" height=\"576\" alt=\"\" class=\"wp-block-jetpack-slideshow_image wp-image-2934\" data-id=\"2934\" src=\"https:\/\/faz-hochrhein.de\/abenteuerland\/wp-content\/uploads\/2020\/12\/Martin-Ro\u0308ssler-Andreas-1024x576.jpg\" srcset=\"https:\/\/faz-hochrhein.de\/abenteuerland\/wp-content\/uploads\/2020\/12\/Martin-Ro\u0308ssler-Andreas-1024x576.jpg 1024w, https:\/\/faz-hochrhein.de\/abenteuerland\/wp-content\/uploads\/2020\/12\/Martin-Ro\u0308ssler-Andreas-300x169.jpg 300w, https:\/\/faz-hochrhein.de\/abenteuerland\/wp-content\/uploads\/2020\/12\/Martin-Ro\u0308ssler-Andreas-1536x864.jpg 1536w, https:\/\/faz-hochrhein.de\/abenteuerland\/wp-content\/uploads\/2020\/12\/Martin-Ro\u0308ssler-Andreas-2048x1152.jpg 2048w, https:\/\/faz-hochrhein.de\/abenteuerland\/wp-content\/uploads\/2020\/12\/Martin-Ro\u0308ssler-Andreas-250x141.jpg 250w, https:\/\/faz-hochrhein.de\/abenteuerland\/wp-content\/uploads\/2020\/12\/Martin-Ro\u0308ssler-Andreas-550x309.jpg 550w, https:\/\/faz-hochrhein.de\/abenteuerland\/wp-content\/uploads\/2020\/12\/Martin-Ro\u0308ssler-Andreas-800x450.jpg 800w, https:\/\/faz-hochrhein.de\/abenteuerland\/wp-content\/uploads\/2020\/12\/Martin-Ro\u0308ssler-Andreas-320x180.jpg 320w, https:\/\/faz-hochrhein.de\/abenteuerland\/wp-content\/uploads\/2020\/12\/Martin-Ro\u0308ssler-Andreas-533x300.jpg 533w, https:\/\/faz-hochrhein.de\/abenteuerland\/wp-content\/uploads\/2020\/12\/Martin-Ro\u0308ssler-Andreas-889x500.jpg 889w\" sizes=\"auto, (max-width: 1024px) 100vw, 1024px\" \/><\/figure><\/li><li class=\"wp-block-jetpack-slideshow_slide swiper-slide\"><figure><img loading=\"lazy\" decoding=\"async\" width=\"1024\" height=\"683\" alt=\"\" class=\"wp-block-jetpack-slideshow_image wp-image-2933\" data-id=\"2933\" src=\"https:\/\/faz-hochrhein.de\/abenteuerland\/wp-content\/uploads\/2020\/12\/Rita-und-Besuch-1024x683.jpg\" srcset=\"https:\/\/faz-hochrhein.de\/abenteuerland\/wp-content\/uploads\/2020\/12\/Rita-und-Besuch-1024x683.jpg 1024w, https:\/\/faz-hochrhein.de\/abenteuerland\/wp-content\/uploads\/2020\/12\/Rita-und-Besuch-300x200.jpg 300w, https:\/\/faz-hochrhein.de\/abenteuerland\/wp-content\/uploads\/2020\/12\/Rita-und-Besuch-1536x1024.jpg 1536w, https:\/\/faz-hochrhein.de\/abenteuerland\/wp-content\/uploads\/2020\/12\/Rita-und-Besuch-2048x1365.jpg 2048w, https:\/\/faz-hochrhein.de\/abenteuerland\/wp-content\/uploads\/2020\/12\/Rita-und-Besuch-250x167.jpg 250w, https:\/\/faz-hochrhein.de\/abenteuerland\/wp-content\/uploads\/2020\/12\/Rita-und-Besuch-550x367.jpg 550w, https:\/\/faz-hochrhein.de\/abenteuerland\/wp-content\/uploads\/2020\/12\/Rita-und-Besuch-800x533.jpg 800w, https:\/\/faz-hochrhein.de\/abenteuerland\/wp-content\/uploads\/2020\/12\/Rita-und-Besuch-270x180.jpg 270w, https:\/\/faz-hochrhein.de\/abenteuerland\/wp-content\/uploads\/2020\/12\/Rita-und-Besuch-450x300.jpg 450w, https:\/\/faz-hochrhein.de\/abenteuerland\/wp-content\/uploads\/2020\/12\/Rita-und-Besuch-750x500.jpg 750w\" sizes=\"auto, (max-width: 1024px) 100vw, 1024px\" \/><\/figure><\/li><li class=\"wp-block-jetpack-slideshow_slide swiper-slide\"><figure><img loading=\"lazy\" decoding=\"async\" width=\"1024\" height=\"767\" alt=\"Bauwagen Abenteuerland\" class=\"wp-block-jetpack-slideshow_image wp-image-2614\" data-id=\"2614\" src=\"https:\/\/faz-hochrhein.de\/abenteuerland\/wp-content\/uploads\/2020\/05\/IMG_8058-1024x767.jpg\" srcset=\"https:\/\/faz-hochrhein.de\/abenteuerland\/wp-content\/uploads\/2020\/05\/IMG_8058-1024x767.jpg 1024w, https:\/\/faz-hochrhein.de\/abenteuerland\/wp-content\/uploads\/2020\/05\/IMG_8058-300x224.jpg 300w, https:\/\/faz-hochrhein.de\/abenteuerland\/wp-content\/uploads\/2020\/05\/IMG_8058-1536x1151.jpg 1536w, https:\/\/faz-hochrhein.de\/abenteuerland\/wp-content\/uploads\/2020\/05\/IMG_8058-250x187.jpg 250w, https:\/\/faz-hochrhein.de\/abenteuerland\/wp-content\/uploads\/2020\/05\/IMG_8058-550x412.jpg 550w, https:\/\/faz-hochrhein.de\/abenteuerland\/wp-content\/uploads\/2020\/05\/IMG_8058-800x599.jpg 800w, https:\/\/faz-hochrhein.de\/abenteuerland\/wp-content\/uploads\/2020\/05\/IMG_8058-240x180.jpg 240w, https:\/\/faz-hochrhein.de\/abenteuerland\/wp-content\/uploads\/2020\/05\/IMG_8058-400x300.jpg 400w, https:\/\/faz-hochrhein.de\/abenteuerland\/wp-content\/uploads\/2020\/05\/IMG_8058-667x500.jpg 667w, https:\/\/faz-hochrhein.de\/abenteuerland\/wp-content\/uploads\/2020\/05\/IMG_8058.jpg 1928w\" sizes=\"auto, (max-width: 1024px) 100vw, 1024px\" \/><\/figure><\/li><\/ul><a class=\"wp-block-jetpack-slideshow_button-prev swiper-button-prev swiper-button-white\" role=\"button\"><\/a><a class=\"wp-block-jetpack-slideshow_button-next swiper-button-next swiper-button-white\" role=\"button\"><\/a><a aria-label=\"Pause Slideshow\" class=\"wp-block-jetpack-slideshow_button-pause\" role=\"button\"><\/a><div class=\"wp-block-jetpack-slideshow_pagination swiper-pagination swiper-pagination-white\"><\/div><\/div><\/div>\n","protected":false},"excerpt":{"rendered":"<p>In einem umgebauten Bauwagen wird ein inklusives Forschungslabor entstehen. Dieses ist so aufgebaut, dass es Kinder und Jugendliche mit oder ohne Behinderung anspricht und auch mobil genutzt werden kann &#8211; das hei\u00dft, die p\u00e4dagogischen Elemente des Forschungslabors k\u00f6nnen auch au\u00dferhalb des Bauwagens genutzt werden. Dabei soll den Kindern die Wichtigkeit von Natur, Umweltschutz und Nachhaltigkeit [&hellip;]<\/p>\n","protected":false},"author":1,"featured_media":0,"parent":10,"menu_order":0,"comment_status":"closed","ping_status":"closed","template":"","meta":{"_uag_custom_page_level_css":"","ocean_post_layout":"","ocean_both_sidebars_style":"","ocean_both_sidebars_content_width":0,"ocean_both_sidebars_sidebars_width":0,"ocean_sidebar":"0","ocean_second_sidebar":"0","ocean_disable_margins":"enable","ocean_add_body_class":"","ocean_shortcode_before_top_bar":"","ocean_shortcode_after_top_bar":"","ocean_shortcode_before_header":"","ocean_shortcode_after_header":"","ocean_has_shortcode":"","ocean_shortcode_after_title":"","ocean_shortcode_before_footer_widgets":"","ocean_shortcode_after_footer_widgets":"","ocean_shortcode_before_footer_bottom":"","ocean_shortcode_after_footer_bottom":"","ocean_display_top_bar":"default","ocean_display_header":"default","ocean_header_style":"","ocean_center_header_left_menu":"0","ocean_custom_header_template":"0","ocean_custom_logo":0,"ocean_custom_retina_logo":0,"ocean_custom_logo_max_width":0,"ocean_custom_logo_tablet_max_width":0,"ocean_custom_logo_mobile_max_width":0,"ocean_custom_logo_max_height":0,"ocean_custom_logo_tablet_max_height":0,"ocean_custom_logo_mobile_max_height":0,"ocean_header_custom_menu":"0","ocean_menu_typo_font_family":"0","ocean_menu_typo_font_subset":"","ocean_menu_typo_font_size":0,"ocean_menu_typo_font_size_tablet":0,"ocean_menu_typo_font_size_mobile":0,"ocean_menu_typo_font_size_unit":"px","ocean_menu_typo_font_weight":"","ocean_menu_typo_font_weight_tablet":"","ocean_menu_typo_font_weight_mobile":"","ocean_menu_typo_transform":"","ocean_menu_typo_transform_tablet":"","ocean_menu_typo_transform_mobile":"","ocean_menu_typo_line_height":0,"ocean_menu_typo_line_height_tablet":0,"ocean_menu_typo_line_height_mobile":0,"ocean_menu_typo_line_height_unit":"","ocean_menu_typo_spacing":0,"ocean_menu_typo_spacing_tablet":0,"ocean_menu_typo_spacing_mobile":0,"ocean_menu_typo_spacing_unit":"","ocean_menu_link_color":"","ocean_menu_link_color_hover":"","ocean_menu_link_color_active":"","ocean_menu_link_background":"","ocean_menu_link_hover_background":"","ocean_menu_link_active_background":"","ocean_menu_social_links_bg":"","ocean_menu_social_hover_links_bg":"","ocean_menu_social_links_color":"","ocean_menu_social_hover_links_color":"","ocean_disable_title":"default","ocean_disable_heading":"default","ocean_post_title":"","ocean_post_subheading":"","ocean_post_title_style":"","ocean_post_title_background_color":"","ocean_post_title_background":0,"ocean_post_title_bg_image_position":"","ocean_post_title_bg_image_attachment":"","ocean_post_title_bg_image_repeat":"","ocean_post_title_bg_image_size":"","ocean_post_title_height":0,"ocean_post_title_bg_overlay":0.5,"ocean_post_title_bg_overlay_color":"","ocean_disable_breadcrumbs":"default","ocean_breadcrumbs_color":"","ocean_breadcrumbs_separator_color":"","ocean_breadcrumbs_links_color":"","ocean_breadcrumbs_links_hover_color":"","ocean_display_footer_widgets":"default","ocean_display_footer_bottom":"default","ocean_custom_footer_template":"0","footnotes":""},"class_list":["post-2982","page","type-page","status-publish","hentry","entry"],"yoast_head":"<!-- This site is optimized with the Yoast SEO plugin v23.9 - https:\/\/yoast.com\/wordpress\/plugins\/seo\/ -->\n<title>Forschungsstation &#8211; Abenteuerland Hochrhein in Lauchringen<\/title>\n<meta name=\"robots\" content=\"index, follow, max-snippet:-1, max-image-preview:large, max-video-preview:-1\" \/>\n<link rel=\"canonical\" href=\"https:\/\/faz-hochrhein.de\/abenteuerland\/ueber-uns\/forschungsstation\/\" \/>\n<meta property=\"og:locale\" content=\"de_DE\" \/>\n<meta property=\"og:type\" content=\"article\" \/>\n<meta property=\"og:title\" content=\"Forschungsstation &#8211; Abenteuerland Hochrhein in Lauchringen\" \/>\n<meta property=\"og:description\" content=\"In einem umgebauten Bauwagen wird ein inklusives Forschungslabor entstehen. Dieses ist so aufgebaut, dass es Kinder und Jugendliche mit oder ohne Behinderung anspricht und auch mobil genutzt werden kann &#8211; das hei\u00dft, die p\u00e4dagogischen Elemente des Forschungslabors k\u00f6nnen auch au\u00dferhalb des Bauwagens genutzt werden. Dabei soll den Kindern die Wichtigkeit von Natur, Umweltschutz und Nachhaltigkeit [&hellip;]\" \/>\n<meta property=\"og:url\" content=\"https:\/\/faz-hochrhein.de\/abenteuerland\/ueber-uns\/forschungsstation\/\" \/>\n<meta property=\"og:site_name\" content=\"Abenteuerland Hochrhein in Lauchringen\" \/>\n<meta property=\"article:publisher\" content=\"https:\/\/www.facebook.com\/FamilienzentrumHochrhein\/\" \/>\n<meta property=\"article:modified_time\" content=\"2020-12-12T16:33:06+00:00\" \/>\n<meta property=\"og:image\" content=\"https:\/\/faz-hochrhein.de\/abenteuerland\/wp-content\/uploads\/2020\/12\/forschungsstation-1024x360.png\" \/>\n<meta name=\"twitter:card\" content=\"summary_large_image\" \/>\n<script type=\"application\/ld+json\" class=\"yoast-schema-graph\">{\"@context\":\"https:\/\/schema.org\",\"@graph\":[{\"@type\":\"WebPage\",\"@id\":\"https:\/\/faz-hochrhein.de\/abenteuerland\/ueber-uns\/forschungsstation\/\",\"url\":\"https:\/\/faz-hochrhein.de\/abenteuerland\/ueber-uns\/forschungsstation\/\",\"name\":\"Forschungsstation &#8211; Abenteuerland Hochrhein in Lauchringen\",\"isPartOf\":{\"@id\":\"https:\/\/faz-hochrhein.de\/abenteuerland\/#website\"},\"primaryImageOfPage\":{\"@id\":\"https:\/\/faz-hochrhein.de\/abenteuerland\/ueber-uns\/forschungsstation\/#primaryimage\"},\"image\":{\"@id\":\"https:\/\/faz-hochrhein.de\/abenteuerland\/ueber-uns\/forschungsstation\/#primaryimage\"},\"thumbnailUrl\":\"https:\/\/faz-hochrhein.de\/abenteuerland\/wp-content\/uploads\/2020\/12\/forschungsstation-1024x360.png\",\"datePublished\":\"2020-12-06T11:53:14+00:00\",\"dateModified\":\"2020-12-12T16:33:06+00:00\",\"breadcrumb\":{\"@id\":\"https:\/\/faz-hochrhein.de\/abenteuerland\/ueber-uns\/forschungsstation\/#breadcrumb\"},\"inLanguage\":\"de\",\"potentialAction\":[{\"@type\":\"ReadAction\",\"target\":[\"https:\/\/faz-hochrhein.de\/abenteuerland\/ueber-uns\/forschungsstation\/\"]}]},{\"@type\":\"ImageObject\",\"inLanguage\":\"de\",\"@id\":\"https:\/\/faz-hochrhein.de\/abenteuerland\/ueber-uns\/forschungsstation\/#primaryimage\",\"url\":\"https:\/\/faz-hochrhein.de\/abenteuerland\/wp-content\/uploads\/2020\/12\/forschungsstation.png\",\"contentUrl\":\"https:\/\/faz-hochrhein.de\/abenteuerland\/wp-content\/uploads\/2020\/12\/forschungsstation.png\",\"width\":1678,\"height\":590},{\"@type\":\"BreadcrumbList\",\"@id\":\"https:\/\/faz-hochrhein.de\/abenteuerland\/ueber-uns\/forschungsstation\/#breadcrumb\",\"itemListElement\":[{\"@type\":\"ListItem\",\"position\":1,\"name\":\"Home\",\"item\":\"https:\/\/faz-hochrhein.de\/abenteuerland\/\"},{\"@type\":\"ListItem\",\"position\":2,\"name\":\"Das Abenteuerland\",\"item\":\"https:\/\/faz-hochrhein.de\/abenteuerland\/ueber-uns\/\"},{\"@type\":\"ListItem\",\"position\":3,\"name\":\"Forschungsstation\"}]},{\"@type\":\"WebSite\",\"@id\":\"https:\/\/faz-hochrhein.de\/abenteuerland\/#website\",\"url\":\"https:\/\/faz-hochrhein.de\/abenteuerland\/\",\"name\":\"Abenteuerland Hochrhein in Lauchringen\",\"description\":\"Freie Entfaltung f\u00fcr Kinder &amp; Jugendliche\",\"publisher\":{\"@id\":\"https:\/\/faz-hochrhein.de\/abenteuerland\/#organization\"},\"potentialAction\":[{\"@type\":\"SearchAction\",\"target\":{\"@type\":\"EntryPoint\",\"urlTemplate\":\"https:\/\/faz-hochrhein.de\/abenteuerland\/?s={search_term_string}\"},\"query-input\":{\"@type\":\"PropertyValueSpecification\",\"valueRequired\":true,\"valueName\":\"search_term_string\"}}],\"inLanguage\":\"de\"},{\"@type\":\"Organization\",\"@id\":\"https:\/\/faz-hochrhein.de\/abenteuerland\/#organization\",\"name\":\"Familienzentrum Hochrhein\",\"url\":\"https:\/\/faz-hochrhein.de\/abenteuerland\/\",\"logo\":{\"@type\":\"ImageObject\",\"inLanguage\":\"de\",\"@id\":\"https:\/\/faz-hochrhein.de\/abenteuerland\/#\/schema\/logo\/image\/\",\"url\":\"https:\/\/faz-hochrhein.de\/abenteuerland\/wp-content\/uploads\/2016\/03\/Logo-Abenteuerland-Website.png\",\"contentUrl\":\"https:\/\/faz-hochrhein.de\/abenteuerland\/wp-content\/uploads\/2016\/03\/Logo-Abenteuerland-Website.png\",\"width\":478,\"height\":150,\"caption\":\"Familienzentrum Hochrhein\"},\"image\":{\"@id\":\"https:\/\/faz-hochrhein.de\/abenteuerland\/#\/schema\/logo\/image\/\"},\"sameAs\":[\"https:\/\/www.facebook.com\/FamilienzentrumHochrhein\/\"]}]}<\/script>\n<!-- \/ Yoast SEO plugin. -->","yoast_head_json":{"title":"Forschungsstation &#8211; Abenteuerland Hochrhein in Lauchringen","robots":{"index":"index","follow":"follow","max-snippet":"max-snippet:-1","max-image-preview":"max-image-preview:large","max-video-preview":"max-video-preview:-1"},"canonical":"https:\/\/faz-hochrhein.de\/abenteuerland\/ueber-uns\/forschungsstation\/","og_locale":"de_DE","og_type":"article","og_title":"Forschungsstation &#8211; Abenteuerland Hochrhein in Lauchringen","og_description":"In einem umgebauten Bauwagen wird ein inklusives Forschungslabor entstehen. Dieses ist so aufgebaut, dass es Kinder und Jugendliche mit oder ohne Behinderung anspricht und auch mobil genutzt werden kann &#8211; das hei\u00dft, die p\u00e4dagogischen Elemente des Forschungslabors k\u00f6nnen auch au\u00dferhalb des Bauwagens genutzt werden. Dabei soll den Kindern die Wichtigkeit von Natur, Umweltschutz und Nachhaltigkeit [&hellip;]","og_url":"https:\/\/faz-hochrhein.de\/abenteuerland\/ueber-uns\/forschungsstation\/","og_site_name":"Abenteuerland Hochrhein in Lauchringen","article_publisher":"https:\/\/www.facebook.com\/FamilienzentrumHochrhein\/","article_modified_time":"2020-12-12T16:33:06+00:00","og_image":[{"url":"https:\/\/faz-hochrhein.de\/abenteuerland\/wp-content\/uploads\/2020\/12\/forschungsstation-1024x360.png"}],"twitter_card":"summary_large_image","schema":{"@context":"https:\/\/schema.org","@graph":[{"@type":"WebPage","@id":"https:\/\/faz-hochrhein.de\/abenteuerland\/ueber-uns\/forschungsstation\/","url":"https:\/\/faz-hochrhein.de\/abenteuerland\/ueber-uns\/forschungsstation\/","name":"Forschungsstation &#8211; Abenteuerland Hochrhein in Lauchringen","isPartOf":{"@id":"https:\/\/faz-hochrhein.de\/abenteuerland\/#website"},"primaryImageOfPage":{"@id":"https:\/\/faz-hochrhein.de\/abenteuerland\/ueber-uns\/forschungsstation\/#primaryimage"},"image":{"@id":"https:\/\/faz-hochrhein.de\/abenteuerland\/ueber-uns\/forschungsstation\/#primaryimage"},"thumbnailUrl":"https:\/\/faz-hochrhein.de\/abenteuerland\/wp-content\/uploads\/2020\/12\/forschungsstation-1024x360.png","datePublished":"2020-12-06T11:53:14+00:00","dateModified":"2020-12-12T16:33:06+00:00","breadcrumb":{"@id":"https:\/\/faz-hochrhein.de\/abenteuerland\/ueber-uns\/forschungsstation\/#breadcrumb"},"inLanguage":"de","potentialAction":[{"@type":"ReadAction","target":["https:\/\/faz-hochrhein.de\/abenteuerland\/ueber-uns\/forschungsstation\/"]}]},{"@type":"ImageObject","inLanguage":"de","@id":"https:\/\/faz-hochrhein.de\/abenteuerland\/ueber-uns\/forschungsstation\/#primaryimage","url":"https:\/\/faz-hochrhein.de\/abenteuerland\/wp-content\/uploads\/2020\/12\/forschungsstation.png","contentUrl":"https:\/\/faz-hochrhein.de\/abenteuerland\/wp-content\/uploads\/2020\/12\/forschungsstation.png","width":1678,"height":590},{"@type":"BreadcrumbList","@id":"https:\/\/faz-hochrhein.de\/abenteuerland\/ueber-uns\/forschungsstation\/#breadcrumb","itemListElement":[{"@type":"ListItem","position":1,"name":"Home","item":"https:\/\/faz-hochrhein.de\/abenteuerland\/"},{"@type":"ListItem","position":2,"name":"Das Abenteuerland","item":"https:\/\/faz-hochrhein.de\/abenteuerland\/ueber-uns\/"},{"@type":"ListItem","position":3,"name":"Forschungsstation"}]},{"@type":"WebSite","@id":"https:\/\/faz-hochrhein.de\/abenteuerland\/#website","url":"https:\/\/faz-hochrhein.de\/abenteuerland\/","name":"Abenteuerland Hochrhein in Lauchringen","description":"Freie Entfaltung f\u00fcr Kinder &amp; Jugendliche","publisher":{"@id":"https:\/\/faz-hochrhein.de\/abenteuerland\/#organization"},"potentialAction":[{"@type":"SearchAction","target":{"@type":"EntryPoint","urlTemplate":"https:\/\/faz-hochrhein.de\/abenteuerland\/?s={search_term_string}"},"query-input":{"@type":"PropertyValueSpecification","valueRequired":true,"valueName":"search_term_string"}}],"inLanguage":"de"},{"@type":"Organization","@id":"https:\/\/faz-hochrhein.de\/abenteuerland\/#organization","name":"Familienzentrum Hochrhein","url":"https:\/\/faz-hochrhein.de\/abenteuerland\/","logo":{"@type":"ImageObject","inLanguage":"de","@id":"https:\/\/faz-hochrhein.de\/abenteuerland\/#\/schema\/logo\/image\/","url":"https:\/\/faz-hochrhein.de\/abenteuerland\/wp-content\/uploads\/2016\/03\/Logo-Abenteuerland-Website.png","contentUrl":"https:\/\/faz-hochrhein.de\/abenteuerland\/wp-content\/uploads\/2016\/03\/Logo-Abenteuerland-Website.png","width":478,"height":150,"caption":"Familienzentrum Hochrhein"},"image":{"@id":"https:\/\/faz-hochrhein.de\/abenteuerland\/#\/schema\/logo\/image\/"},"sameAs":["https:\/\/www.facebook.com\/FamilienzentrumHochrhein\/"]}]}},"jetpack_sharing_enabled":true,"uagb_featured_image_src":{"full":false,"thumbnail":false,"medium":false,"medium_large":false,"large":false,"1536x1536":false,"2048x2048":false,"ocean-thumb-m":false,"ocean-thumb-ml":false,"ocean-thumb-l":false,"wcicon":false,"wcsquare":false,"wcsmall":false,"wcstandard":false,"wcbig":false,"wcfixedheightsmall":false,"wcfixedheightmedium":false,"wcfixedheight":false,"wccarouselsmall":false,"wccarousel":false,"wcslider":false},"uagb_author_info":{"display_name":"Abenteuerland Hochrhein","author_link":"https:\/\/faz-hochrhein.de\/abenteuerland\/author\/abenteuerland_admin\/"},"uagb_comment_info":0,"uagb_excerpt":"In einem umgebauten Bauwagen wird ein inklusives Forschungslabor entstehen. Dieses ist so aufgebaut, dass es Kinder und Jugendliche mit oder ohne Behinderung anspricht und auch mobil genutzt werden kann &#8211; das hei\u00dft, die p\u00e4dagogischen Elemente des Forschungslabors k\u00f6nnen auch au\u00dferhalb des Bauwagens genutzt werden. Dabei soll den Kindern die Wichtigkeit von Natur, Umweltschutz und Nachhaltigkeit&hellip;","_links":{"self":[{"href":"https:\/\/faz-hochrhein.de\/abenteuerland\/wp-json\/wp\/v2\/pages\/2982","targetHints":{"allow":["GET"]}}],"collection":[{"href":"https:\/\/faz-hochrhein.de\/abenteuerland\/wp-json\/wp\/v2\/pages"}],"about":[{"href":"https:\/\/faz-hochrhein.de\/abenteuerland\/wp-json\/wp\/v2\/types\/page"}],"author":[{"embeddable":true,"href":"https:\/\/faz-hochrhein.de\/abenteuerland\/wp-json\/wp\/v2\/users\/1"}],"replies":[{"embeddable":true,"href":"https:\/\/faz-hochrhein.de\/abenteuerland\/wp-json\/wp\/v2\/comments?post=2982"}],"version-history":[{"count":2,"href":"https:\/\/faz-hochrhein.de\/abenteuerland\/wp-json\/wp\/v2\/pages\/2982\/revisions"}],"predecessor-version":[{"id":3124,"href":"https:\/\/faz-hochrhein.de\/abenteuerland\/wp-json\/wp\/v2\/pages\/2982\/revisions\/3124"}],"up":[{"embeddable":true,"href":"https:\/\/faz-hochrhein.de\/abenteuerland\/wp-json\/wp\/v2\/pages\/10"}],"wp:attachment":[{"href":"https:\/\/faz-hochrhein.de\/abenteuerland\/wp-json\/wp\/v2\/media?parent=2982"}],"curies":[{"name":"wp","href":"https:\/\/api.w.org\/{rel}","templated":true}]}}