{"id":2827,"date":"2020-12-06T12:45:27","date_gmt":"2020-12-06T11:45:27","guid":{"rendered":"https:\/\/faz-hochrhein.de\/abenteuerland\/?page_id=2827"},"modified":"2025-11-18T11:38:39","modified_gmt":"2025-11-18T10:38:39","slug":"grashuepfer","status":"publish","type":"page","link":"https:\/\/faz-hochrhein.de\/abenteuerland\/angebote\/grashuepfer\/","title":{"rendered":"Spiel- und Lerngruppe \u201eGrash\u00fcpfer\u201c"},"content":{"rendered":"<div class=\"wp-block-image\">\n<figure class=\"alignright size-medium\"><img loading=\"lazy\" decoding=\"async\" width=\"200\" height=\"300\" src=\"https:\/\/faz-hochrhein.de\/abenteuerland\/wp-content\/uploads\/2020\/10\/grashuepfer-6-200x300.jpg\" alt=\"\" class=\"wp-image-2834\" srcset=\"https:\/\/faz-hochrhein.de\/abenteuerland\/wp-content\/uploads\/2020\/10\/grashuepfer-6-200x300.jpg 200w, https:\/\/faz-hochrhein.de\/abenteuerland\/wp-content\/uploads\/2020\/10\/grashuepfer-6-683x1024.jpg 683w, https:\/\/faz-hochrhein.de\/abenteuerland\/wp-content\/uploads\/2020\/10\/grashuepfer-6-250x375.jpg 250w, https:\/\/faz-hochrhein.de\/abenteuerland\/wp-content\/uploads\/2020\/10\/grashuepfer-6-550x825.jpg 550w, https:\/\/faz-hochrhein.de\/abenteuerland\/wp-content\/uploads\/2020\/10\/grashuepfer-6-120x180.jpg 120w, https:\/\/faz-hochrhein.de\/abenteuerland\/wp-content\/uploads\/2020\/10\/grashuepfer-6-333x500.jpg 333w, https:\/\/faz-hochrhein.de\/abenteuerland\/wp-content\/uploads\/2020\/10\/grashuepfer-6.jpg 800w\" sizes=\"auto, (max-width: 200px) 100vw, 200px\" \/><\/figure><\/div>\n\n\n<p><strong>Die Spiel- und Lerngruppe spricht Familien mit behinderten und nicht-behinderten Kindern zwischen 1,5 bis 3 Jahren an.<\/strong><\/p>\n\n\n\n<p>Die Spiel- und Lerngruppe bietet eine feste Gruppenstruktur mit einem konstanten ErzieherInnenteam.<\/p>\n\n\n\n<p><strong>Die Kinder erleben die Natur und ihre Umwelt hautnah und machen so die ersten intensiven Erfahrungen<\/strong>: Sie lernen selbstst\u00e4ndiges und eigenaktives Handeln, sie entdecken und erforschen ihre Umwelt.<\/p>\n\n\n\n<p><strong>Wir kennen kein schlechtes Wetter!<\/strong> Mit der entsprechenden Kleidung k\u00f6nnen wir uns bei jedem Wetter drau\u00dfen aufhalten.<\/p>\n\n\n\n<div class=\"wp-block-jetpack-tiled-gallery aligncenter is-style-columns\"><div class=\"tiled-gallery__gallery\"><div class=\"tiled-gallery__row\"><div class=\"tiled-gallery__col\" style=\"flex-basis:18.51218182119436%\"><figure class=\"tiled-gallery__item\"><a href=\"https:\/\/i2.wp.com\/faz-hochrhein.de\/abenteuerland\/wp-content\/uploads\/2020\/10\/grashuepfer-4.jpg?ssl=1\"><img decoding=\"async\" srcset=\"https:\/\/i2.wp.com\/faz-hochrhein.de\/abenteuerland\/wp-content\/uploads\/2020\/10\/grashuepfer-4.jpg?strip=info&#038;w=600&#038;ssl=1 600w,https:\/\/i2.wp.com\/faz-hochrhein.de\/abenteuerland\/wp-content\/uploads\/2020\/10\/grashuepfer-4.jpg?strip=info&#038;w=900&#038;ssl=1 900w,https:\/\/i2.wp.com\/faz-hochrhein.de\/abenteuerland\/wp-content\/uploads\/2020\/10\/grashuepfer-4.jpg?strip=info&#038;w=1200&#038;ssl=1 1200w\" alt=\"\" data-height=\"800\" data-id=\"2836\" data-link=\"https:\/\/faz-hochrhein.de\/abenteuerland\/?attachment_id=2836\" data-url=\"https:\/\/faz-hochrhein.de\/abenteuerland\/wp-content\/uploads\/2020\/10\/grashuepfer-4.jpg\" data-width=\"1200\" src=\"https:\/\/i2.wp.com\/faz-hochrhein.de\/abenteuerland\/wp-content\/uploads\/2020\/10\/grashuepfer-4.jpg?ssl=1\" layout=\"responsive\"\/><\/a><\/figure><figure class=\"tiled-gallery__item\"><a href=\"https:\/\/i1.wp.com\/faz-hochrhein.de\/abenteuerland\/wp-content\/uploads\/2020\/10\/Junge-im-Weide-Iglu.jpg?ssl=1\"><img decoding=\"async\" srcset=\"https:\/\/i1.wp.com\/faz-hochrhein.de\/abenteuerland\/wp-content\/uploads\/2020\/10\/Junge-im-Weide-Iglu.jpg?strip=info&#038;w=600&#038;ssl=1 600w,https:\/\/i1.wp.com\/faz-hochrhein.de\/abenteuerland\/wp-content\/uploads\/2020\/10\/Junge-im-Weide-Iglu.jpg?strip=info&#038;w=900&#038;ssl=1 900w,https:\/\/i1.wp.com\/faz-hochrhein.de\/abenteuerland\/wp-content\/uploads\/2020\/10\/Junge-im-Weide-Iglu.jpg?strip=info&#038;w=1200&#038;ssl=1 1200w\" alt=\"\" data-height=\"1600\" data-id=\"2831\" data-link=\"https:\/\/faz-hochrhein.de\/abenteuerland\/?attachment_id=2831\" data-url=\"https:\/\/faz-hochrhein.de\/abenteuerland\/wp-content\/uploads\/2020\/10\/Junge-im-Weide-Iglu.jpg\" data-width=\"1200\" src=\"https:\/\/i1.wp.com\/faz-hochrhein.de\/abenteuerland\/wp-content\/uploads\/2020\/10\/Junge-im-Weide-Iglu.jpg?ssl=1\" layout=\"responsive\"\/><\/a><\/figure><\/div><div class=\"tiled-gallery__col\" style=\"flex-basis:25.919937594662983%\"><figure class=\"tiled-gallery__item\"><a href=\"https:\/\/i0.wp.com\/faz-hochrhein.de\/abenteuerland\/wp-content\/uploads\/2020\/10\/Sandkasten-scaled.jpg?ssl=1\"><img decoding=\"async\" srcset=\"https:\/\/i0.wp.com\/faz-hochrhein.de\/abenteuerland\/wp-content\/uploads\/2020\/10\/Sandkasten-scaled.jpg?strip=info&#038;w=600&#038;ssl=1 600w,https:\/\/i0.wp.com\/faz-hochrhein.de\/abenteuerland\/wp-content\/uploads\/2020\/10\/Sandkasten-scaled.jpg?strip=info&#038;w=900&#038;ssl=1 900w,https:\/\/i0.wp.com\/faz-hochrhein.de\/abenteuerland\/wp-content\/uploads\/2020\/10\/Sandkasten-scaled.jpg?strip=info&#038;w=1200&#038;ssl=1 1200w,https:\/\/i0.wp.com\/faz-hochrhein.de\/abenteuerland\/wp-content\/uploads\/2020\/10\/Sandkasten-scaled.jpg?strip=info&#038;w=1500&#038;ssl=1 1500w,https:\/\/i0.wp.com\/faz-hochrhein.de\/abenteuerland\/wp-content\/uploads\/2020\/10\/Sandkasten-scaled.jpg?strip=info&#038;w=1800&#038;ssl=1 1800w,https:\/\/i0.wp.com\/faz-hochrhein.de\/abenteuerland\/wp-content\/uploads\/2020\/10\/Sandkasten-scaled.jpg?strip=info&#038;w=2000&#038;ssl=1 2000w\" alt=\"\" data-height=\"1707\" data-id=\"2830\" data-link=\"https:\/\/faz-hochrhein.de\/abenteuerland\/?attachment_id=2830\" data-url=\"https:\/\/faz-hochrhein.de\/abenteuerland\/wp-content\/uploads\/2020\/10\/Sandkasten-scaled.jpg\" data-width=\"2560\" src=\"https:\/\/i0.wp.com\/faz-hochrhein.de\/abenteuerland\/wp-content\/uploads\/2020\/10\/Sandkasten-scaled.jpg?ssl=1\" layout=\"responsive\"\/><\/a><\/figure><figure class=\"tiled-gallery__item\"><a href=\"https:\/\/i1.wp.com\/faz-hochrhein.de\/abenteuerland\/wp-content\/uploads\/2020\/10\/IMG-20190616-WA0007.jpg?ssl=1\"><img decoding=\"async\" srcset=\"https:\/\/i1.wp.com\/faz-hochrhein.de\/abenteuerland\/wp-content\/uploads\/2020\/10\/IMG-20190616-WA0007.jpg?strip=info&#038;w=600&#038;ssl=1 600w,https:\/\/i1.wp.com\/faz-hochrhein.de\/abenteuerland\/wp-content\/uploads\/2020\/10\/IMG-20190616-WA0007.jpg?strip=info&#038;w=900&#038;ssl=1 900w,https:\/\/i1.wp.com\/faz-hochrhein.de\/abenteuerland\/wp-content\/uploads\/2020\/10\/IMG-20190616-WA0007.jpg?strip=info&#038;w=1200&#038;ssl=1 1200w,https:\/\/i1.wp.com\/faz-hochrhein.de\/abenteuerland\/wp-content\/uploads\/2020\/10\/IMG-20190616-WA0007.jpg?strip=info&#038;w=1500&#038;ssl=1 1500w,https:\/\/i1.wp.com\/faz-hochrhein.de\/abenteuerland\/wp-content\/uploads\/2020\/10\/IMG-20190616-WA0007.jpg?strip=info&#038;w=1600&#038;ssl=1 1600w\" alt=\"\" data-height=\"1200\" data-id=\"2833\" data-link=\"https:\/\/faz-hochrhein.de\/abenteuerland\/?attachment_id=2833\" data-url=\"https:\/\/faz-hochrhein.de\/abenteuerland\/wp-content\/uploads\/2020\/10\/IMG-20190616-WA0007.jpg\" data-width=\"1600\" src=\"https:\/\/i1.wp.com\/faz-hochrhein.de\/abenteuerland\/wp-content\/uploads\/2020\/10\/IMG-20190616-WA0007.jpg?ssl=1\" layout=\"responsive\"\/><\/a><\/figure><\/div><div class=\"tiled-gallery__col\" style=\"flex-basis:55.56788058414265%\"><figure class=\"tiled-gallery__item\"><a href=\"https:\/\/i2.wp.com\/faz-hochrhein.de\/abenteuerland\/wp-content\/uploads\/2020\/10\/grashuepfer-5.jpg?ssl=1\"><img decoding=\"async\" srcset=\"https:\/\/i2.wp.com\/faz-hochrhein.de\/abenteuerland\/wp-content\/uploads\/2020\/10\/grashuepfer-5.jpg?strip=info&#038;w=600&#038;ssl=1 600w,https:\/\/i2.wp.com\/faz-hochrhein.de\/abenteuerland\/wp-content\/uploads\/2020\/10\/grashuepfer-5.jpg?strip=info&#038;w=900&#038;ssl=1 900w,https:\/\/i2.wp.com\/faz-hochrhein.de\/abenteuerland\/wp-content\/uploads\/2020\/10\/grashuepfer-5.jpg?strip=info&#038;w=1200&#038;ssl=1 1200w\" alt=\"\" data-height=\"800\" data-id=\"2835\" data-link=\"https:\/\/faz-hochrhein.de\/abenteuerland\/?attachment_id=2835\" data-url=\"https:\/\/faz-hochrhein.de\/abenteuerland\/wp-content\/uploads\/2020\/10\/grashuepfer-5.jpg\" data-width=\"1200\" src=\"https:\/\/i2.wp.com\/faz-hochrhein.de\/abenteuerland\/wp-content\/uploads\/2020\/10\/grashuepfer-5.jpg?ssl=1\" layout=\"responsive\"\/><\/a><\/figure><\/div><\/div><\/div><\/div>\n\n\n\n<h2 class=\"wp-block-heading\">Informationen<\/h2>\n\n\n\n<h3 class=\"wp-block-heading\">\u00d6ffnungszeiten<\/h3>\n\n\n\n<p>Montags \u2013 freitags in der Zeit von 8:00 \u2013 12:00 Uhr<\/p>\n\n\n\n<p>In den Schulferien gelten gesonderte Regelungen, bitte informiere Dich bei der Gruppenleitung.<\/p>\n\n\n\n<h3 class=\"wp-block-heading\">P\u00e4dagogische MitarbeiterInnen<\/h3>\n\n\n\n<p>zwei ErzieherInnen (Naturp\u00e4dagogin) &amp; HelferInnen<\/p>\n\n\n\n<h3 class=\"wp-block-heading\">Gruppenst\u00e4rke<\/h3>\n\n\n\n<p>Max. 10 Kinder\/Tag<\/p>\n\n\n\n<h3 class=\"wp-block-heading\">Schutzraum und Treffpunkt<\/h3>\n\n\n<div class=\"wp-block-image\">\n<figure class=\"alignright size-medium\"><a href=\"https:\/\/faz-hochrhein.de\/abenteuerland\/wp-content\/uploads\/2020\/10\/H\u00fctte-mit-Sandkasten.jpg\"><img decoding=\"async\" src=\"https:\/\/faz-hochrhein.de\/abenteuerland\/wp-content\/uploads\/2020\/10\/H\u00fctte-mit-Sandkasten-300x225.jpg\" alt=\"\" class=\"wp-image-2832\"\/><\/a><\/figure><\/div>\n\n\n<p>Abenteuerland<br>Lauchringer Stra\u00dfe 22<br>79787 Lauchringen<\/p>\n\n\n\n<p>Eine kleine Scheune, ca. 30 m\u00b2, mit Heizung, kindgerechtem Mobiliar und \u00fcberdachtem Vorbau. Die Scheune des Abenteuerlands mit sanit\u00e4ren Anlagen (wickeln) und K\u00fcche.<\/p>\n\n\n\n<h3 class=\"wp-block-heading\">Ausr\u00fcstung der Kinder<\/h3>\n\n\n\n<p><span style=\"text-decoration: underline;\">bei warmen Wetter<\/span>: bequeme, d\u00fcnne Hosen, T-Shirts und lang\u00e4rmlige Shirts oder eine Jacke, festes Schuhwerk und Sonnenhut<\/p>\n\n\n\n<p><span style=\"text-decoration: underline;\">bei N\u00e4sse<\/span>: Regenhose, Regenjacke und festes Schuhwerk oder Gummistiefel<\/p>\n\n\n\n<p><span style=\"text-decoration: underline;\">bei K\u00e4lte<\/span>: \u201eZwiebelschichten-System\u201c, d.h. mehrere Schichten Kleidung \u00fcbereinander, die je nach Temperaturver\u00e4nderung ausgezogen werden k\u00f6nnen, festes und wasserdichtes Schuhwerk.<\/p>\n\n\n\n<h3 class=\"wp-block-heading\">Essen der Kinder<\/h3>\n\n\n\n<p>Wir legen besonderen Wert auf ein ausgewogenes Fr\u00fchst\u00fcck, welches die Kinder selbst mitbringen (Brot, Obst, Gem\u00fcse). Getr\u00e4nke werden gestellt. Unerw\u00fcnscht sind S\u00fc\u00dfigkeiten und Verpackungen (Tetrapacks etc.). Ausnahmen gibt es, mit Absprache der ErzieherInnen, bei Fr\u00fchst\u00fcck aus besonderem Anlass (z.B. Geburtstag).<\/p>\n\n\n\n<h2 class=\"wp-block-heading\">Kontakt<\/h2>\n\n\n\n<p>Gruppenleitung Rita Cafararo, <a href=\"mailto:r.cafararo@faz-hochrhein.de\">r.cafararo@faz-hochrhein.de<\/a><\/p>\n\n\n\n<h2 class=\"wp-block-heading\">Tr\u00e4ger<\/h2>\n\n\n\n<p>Diakonisches Werk Hochrhein, die Gruppe geh\u00f6rt zum Familienzentrum Hochrhein, <br>Bertold-Schmidt-Platz 7, 79787 Lauchringen, Telefon: 07741\/9679923<\/p>\n","protected":false},"excerpt":{"rendered":"<p>Die Spiel- und Lerngruppe spricht Familien mit behinderten und nicht-behinderten Kindern zwischen 1,5 bis 3 Jahren an. Die Spiel- und Lerngruppe bietet eine feste Gruppenstruktur mit einem konstanten ErzieherInnenteam. Die Kinder erleben die Natur und ihre Umwelt hautnah und machen so die ersten intensiven Erfahrungen: Sie lernen selbstst\u00e4ndiges und eigenaktives Handeln, sie entdecken und erforschen [&hellip;]<\/p>\n","protected":false},"author":1,"featured_media":0,"parent":2730,"menu_order":0,"comment_status":"closed","ping_status":"closed","template":"","meta":{"_uag_custom_page_level_css":"","ocean_post_layout":"","ocean_both_sidebars_style":"","ocean_both_sidebars_content_width":0,"ocean_both_sidebars_sidebars_width":0,"ocean_sidebar":"0","ocean_second_sidebar":"0","ocean_disable_margins":"enable","ocean_add_body_class":"","ocean_shortcode_before_top_bar":"","ocean_shortcode_after_top_bar":"","ocean_shortcode_before_header":"","ocean_shortcode_after_header":"","ocean_has_shortcode":"","ocean_shortcode_after_title":"","ocean_shortcode_before_footer_widgets":"","ocean_shortcode_after_footer_widgets":"","ocean_shortcode_before_footer_bottom":"","ocean_shortcode_after_footer_bottom":"","ocean_display_top_bar":"default","ocean_display_header":"default","ocean_header_style":"","ocean_center_header_left_menu":"0","ocean_custom_header_template":"0","ocean_custom_logo":0,"ocean_custom_retina_logo":0,"ocean_custom_logo_max_width":0,"ocean_custom_logo_tablet_max_width":0,"ocean_custom_logo_mobile_max_width":0,"ocean_custom_logo_max_height":0,"ocean_custom_logo_tablet_max_height":0,"ocean_custom_logo_mobile_max_height":0,"ocean_header_custom_menu":"0","ocean_menu_typo_font_family":"0","ocean_menu_typo_font_subset":"","ocean_menu_typo_font_size":0,"ocean_menu_typo_font_size_tablet":0,"ocean_menu_typo_font_size_mobile":0,"ocean_menu_typo_font_size_unit":"px","ocean_menu_typo_font_weight":"","ocean_menu_typo_font_weight_tablet":"","ocean_menu_typo_font_weight_mobile":"","ocean_menu_typo_transform":"","ocean_menu_typo_transform_tablet":"","ocean_menu_typo_transform_mobile":"","ocean_menu_typo_line_height":0,"ocean_menu_typo_line_height_tablet":0,"ocean_menu_typo_line_height_mobile":0,"ocean_menu_typo_line_height_unit":"","ocean_menu_typo_spacing":0,"ocean_menu_typo_spacing_tablet":0,"ocean_menu_typo_spacing_mobile":0,"ocean_menu_typo_spacing_unit":"","ocean_menu_link_color":"","ocean_menu_link_color_hover":"","ocean_menu_link_color_active":"","ocean_menu_link_background":"","ocean_menu_link_hover_background":"","ocean_menu_link_active_background":"","ocean_menu_social_links_bg":"","ocean_menu_social_hover_links_bg":"","ocean_menu_social_links_color":"","ocean_menu_social_hover_links_color":"","ocean_disable_title":"default","ocean_disable_heading":"default","ocean_post_title":"","ocean_post_subheading":"","ocean_post_title_style":"","ocean_post_title_background_color":"","ocean_post_title_background":0,"ocean_post_title_bg_image_position":"","ocean_post_title_bg_image_attachment":"","ocean_post_title_bg_image_repeat":"","ocean_post_title_bg_image_size":"","ocean_post_title_height":0,"ocean_post_title_bg_overlay":0.5,"ocean_post_title_bg_overlay_color":"","ocean_disable_breadcrumbs":"default","ocean_breadcrumbs_color":"","ocean_breadcrumbs_separator_color":"","ocean_breadcrumbs_links_color":"","ocean_breadcrumbs_links_hover_color":"","ocean_display_footer_widgets":"default","ocean_display_footer_bottom":"default","ocean_custom_footer_template":"0","footnotes":""},"class_list":["post-2827","page","type-page","status-publish","hentry","entry"],"yoast_head":"<!-- This site is optimized with the Yoast SEO plugin v23.9 - https:\/\/yoast.com\/wordpress\/plugins\/seo\/ -->\n<title>Spiel- und Lerngruppe \u201eGrash\u00fcpfer\u201c &#8211; Abenteuerland Hochrhein in Lauchringen<\/title>\n<meta name=\"robots\" content=\"index, follow, max-snippet:-1, max-image-preview:large, max-video-preview:-1\" \/>\n<link rel=\"canonical\" href=\"https:\/\/faz-hochrhein.de\/abenteuerland\/angebote\/grashuepfer\/\" \/>\n<meta property=\"og:locale\" content=\"de_DE\" \/>\n<meta property=\"og:type\" content=\"article\" \/>\n<meta property=\"og:title\" content=\"Spiel- und Lerngruppe \u201eGrash\u00fcpfer\u201c &#8211; Abenteuerland Hochrhein in Lauchringen\" \/>\n<meta property=\"og:description\" content=\"Die Spiel- und Lerngruppe spricht Familien mit behinderten und nicht-behinderten Kindern zwischen 1,5 bis 3 Jahren an. Die Spiel- und Lerngruppe bietet eine feste Gruppenstruktur mit einem konstanten ErzieherInnenteam. Die Kinder erleben die Natur und ihre Umwelt hautnah und machen so die ersten intensiven Erfahrungen: Sie lernen selbstst\u00e4ndiges und eigenaktives Handeln, sie entdecken und erforschen [&hellip;]\" \/>\n<meta property=\"og:url\" content=\"https:\/\/faz-hochrhein.de\/abenteuerland\/angebote\/grashuepfer\/\" \/>\n<meta property=\"og:site_name\" content=\"Abenteuerland Hochrhein in Lauchringen\" \/>\n<meta property=\"article:publisher\" content=\"https:\/\/www.facebook.com\/FamilienzentrumHochrhein\/\" \/>\n<meta property=\"article:modified_time\" content=\"2025-11-18T10:38:39+00:00\" \/>\n<meta property=\"og:image\" content=\"https:\/\/faz-hochrhein.de\/abenteuerland\/wp-content\/uploads\/2020\/10\/grashuepfer-6.jpg\" \/>\n\t<meta property=\"og:image:width\" content=\"800\" \/>\n\t<meta property=\"og:image:height\" content=\"1200\" \/>\n\t<meta property=\"og:image:type\" content=\"image\/jpeg\" \/>\n<meta name=\"twitter:card\" content=\"summary_large_image\" \/>\n<meta name=\"twitter:label1\" content=\"Gesch\u00e4tzte Lesezeit\" \/>\n\t<meta name=\"twitter:data1\" content=\"3\u00a0Minuten\" \/>\n<script type=\"application\/ld+json\" class=\"yoast-schema-graph\">{\"@context\":\"https:\/\/schema.org\",\"@graph\":[{\"@type\":\"WebPage\",\"@id\":\"https:\/\/faz-hochrhein.de\/abenteuerland\/angebote\/grashuepfer\/\",\"url\":\"https:\/\/faz-hochrhein.de\/abenteuerland\/angebote\/grashuepfer\/\",\"name\":\"Spiel- und Lerngruppe \u201eGrash\u00fcpfer\u201c &#8211; Abenteuerland Hochrhein in Lauchringen\",\"isPartOf\":{\"@id\":\"https:\/\/faz-hochrhein.de\/abenteuerland\/#website\"},\"primaryImageOfPage\":{\"@id\":\"https:\/\/faz-hochrhein.de\/abenteuerland\/angebote\/grashuepfer\/#primaryimage\"},\"image\":{\"@id\":\"https:\/\/faz-hochrhein.de\/abenteuerland\/angebote\/grashuepfer\/#primaryimage\"},\"thumbnailUrl\":\"https:\/\/faz-hochrhein.de\/abenteuerland\/wp-content\/uploads\/2020\/10\/grashuepfer-6-200x300.jpg\",\"datePublished\":\"2020-12-06T11:45:27+00:00\",\"dateModified\":\"2025-11-18T10:38:39+00:00\",\"breadcrumb\":{\"@id\":\"https:\/\/faz-hochrhein.de\/abenteuerland\/angebote\/grashuepfer\/#breadcrumb\"},\"inLanguage\":\"de\",\"potentialAction\":[{\"@type\":\"ReadAction\",\"target\":[\"https:\/\/faz-hochrhein.de\/abenteuerland\/angebote\/grashuepfer\/\"]}]},{\"@type\":\"ImageObject\",\"inLanguage\":\"de\",\"@id\":\"https:\/\/faz-hochrhein.de\/abenteuerland\/angebote\/grashuepfer\/#primaryimage\",\"url\":\"https:\/\/faz-hochrhein.de\/abenteuerland\/wp-content\/uploads\/2020\/10\/grashuepfer-6.jpg\",\"contentUrl\":\"https:\/\/faz-hochrhein.de\/abenteuerland\/wp-content\/uploads\/2020\/10\/grashuepfer-6.jpg\",\"width\":800,\"height\":1200},{\"@type\":\"BreadcrumbList\",\"@id\":\"https:\/\/faz-hochrhein.de\/abenteuerland\/angebote\/grashuepfer\/#breadcrumb\",\"itemListElement\":[{\"@type\":\"ListItem\",\"position\":1,\"name\":\"Home\",\"item\":\"https:\/\/faz-hochrhein.de\/abenteuerland\/\"},{\"@type\":\"ListItem\",\"position\":2,\"name\":\"Angebote\",\"item\":\"https:\/\/faz-hochrhein.de\/abenteuerland\/angebote\/\"},{\"@type\":\"ListItem\",\"position\":3,\"name\":\"Spiel- und Lerngruppe \u201eGrash\u00fcpfer\u201c\"}]},{\"@type\":\"WebSite\",\"@id\":\"https:\/\/faz-hochrhein.de\/abenteuerland\/#website\",\"url\":\"https:\/\/faz-hochrhein.de\/abenteuerland\/\",\"name\":\"Abenteuerland Hochrhein in Lauchringen\",\"description\":\"Freie Entfaltung f\u00fcr Kinder &amp; Jugendliche\",\"publisher\":{\"@id\":\"https:\/\/faz-hochrhein.de\/abenteuerland\/#organization\"},\"potentialAction\":[{\"@type\":\"SearchAction\",\"target\":{\"@type\":\"EntryPoint\",\"urlTemplate\":\"https:\/\/faz-hochrhein.de\/abenteuerland\/?s={search_term_string}\"},\"query-input\":{\"@type\":\"PropertyValueSpecification\",\"valueRequired\":true,\"valueName\":\"search_term_string\"}}],\"inLanguage\":\"de\"},{\"@type\":\"Organization\",\"@id\":\"https:\/\/faz-hochrhein.de\/abenteuerland\/#organization\",\"name\":\"Familienzentrum Hochrhein\",\"url\":\"https:\/\/faz-hochrhein.de\/abenteuerland\/\",\"logo\":{\"@type\":\"ImageObject\",\"inLanguage\":\"de\",\"@id\":\"https:\/\/faz-hochrhein.de\/abenteuerland\/#\/schema\/logo\/image\/\",\"url\":\"https:\/\/faz-hochrhein.de\/abenteuerland\/wp-content\/uploads\/2016\/03\/Logo-Abenteuerland-Website.png\",\"contentUrl\":\"https:\/\/faz-hochrhein.de\/abenteuerland\/wp-content\/uploads\/2016\/03\/Logo-Abenteuerland-Website.png\",\"width\":478,\"height\":150,\"caption\":\"Familienzentrum Hochrhein\"},\"image\":{\"@id\":\"https:\/\/faz-hochrhein.de\/abenteuerland\/#\/schema\/logo\/image\/\"},\"sameAs\":[\"https:\/\/www.facebook.com\/FamilienzentrumHochrhein\/\"]}]}<\/script>\n<!-- \/ Yoast SEO plugin. -->","yoast_head_json":{"title":"Spiel- und Lerngruppe \u201eGrash\u00fcpfer\u201c &#8211; Abenteuerland Hochrhein in Lauchringen","robots":{"index":"index","follow":"follow","max-snippet":"max-snippet:-1","max-image-preview":"max-image-preview:large","max-video-preview":"max-video-preview:-1"},"canonical":"https:\/\/faz-hochrhein.de\/abenteuerland\/angebote\/grashuepfer\/","og_locale":"de_DE","og_type":"article","og_title":"Spiel- und Lerngruppe \u201eGrash\u00fcpfer\u201c &#8211; Abenteuerland Hochrhein in Lauchringen","og_description":"Die Spiel- und Lerngruppe spricht Familien mit behinderten und nicht-behinderten Kindern zwischen 1,5 bis 3 Jahren an. Die Spiel- und Lerngruppe bietet eine feste Gruppenstruktur mit einem konstanten ErzieherInnenteam. Die Kinder erleben die Natur und ihre Umwelt hautnah und machen so die ersten intensiven Erfahrungen: Sie lernen selbstst\u00e4ndiges und eigenaktives Handeln, sie entdecken und erforschen [&hellip;]","og_url":"https:\/\/faz-hochrhein.de\/abenteuerland\/angebote\/grashuepfer\/","og_site_name":"Abenteuerland Hochrhein in Lauchringen","article_publisher":"https:\/\/www.facebook.com\/FamilienzentrumHochrhein\/","article_modified_time":"2025-11-18T10:38:39+00:00","og_image":[{"width":800,"height":1200,"url":"https:\/\/faz-hochrhein.de\/abenteuerland\/wp-content\/uploads\/2020\/10\/grashuepfer-6.jpg","type":"image\/jpeg"}],"twitter_card":"summary_large_image","twitter_misc":{"Gesch\u00e4tzte Lesezeit":"3\u00a0Minuten"},"schema":{"@context":"https:\/\/schema.org","@graph":[{"@type":"WebPage","@id":"https:\/\/faz-hochrhein.de\/abenteuerland\/angebote\/grashuepfer\/","url":"https:\/\/faz-hochrhein.de\/abenteuerland\/angebote\/grashuepfer\/","name":"Spiel- und Lerngruppe \u201eGrash\u00fcpfer\u201c &#8211; Abenteuerland Hochrhein in Lauchringen","isPartOf":{"@id":"https:\/\/faz-hochrhein.de\/abenteuerland\/#website"},"primaryImageOfPage":{"@id":"https:\/\/faz-hochrhein.de\/abenteuerland\/angebote\/grashuepfer\/#primaryimage"},"image":{"@id":"https:\/\/faz-hochrhein.de\/abenteuerland\/angebote\/grashuepfer\/#primaryimage"},"thumbnailUrl":"https:\/\/faz-hochrhein.de\/abenteuerland\/wp-content\/uploads\/2020\/10\/grashuepfer-6-200x300.jpg","datePublished":"2020-12-06T11:45:27+00:00","dateModified":"2025-11-18T10:38:39+00:00","breadcrumb":{"@id":"https:\/\/faz-hochrhein.de\/abenteuerland\/angebote\/grashuepfer\/#breadcrumb"},"inLanguage":"de","potentialAction":[{"@type":"ReadAction","target":["https:\/\/faz-hochrhein.de\/abenteuerland\/angebote\/grashuepfer\/"]}]},{"@type":"ImageObject","inLanguage":"de","@id":"https:\/\/faz-hochrhein.de\/abenteuerland\/angebote\/grashuepfer\/#primaryimage","url":"https:\/\/faz-hochrhein.de\/abenteuerland\/wp-content\/uploads\/2020\/10\/grashuepfer-6.jpg","contentUrl":"https:\/\/faz-hochrhein.de\/abenteuerland\/wp-content\/uploads\/2020\/10\/grashuepfer-6.jpg","width":800,"height":1200},{"@type":"BreadcrumbList","@id":"https:\/\/faz-hochrhein.de\/abenteuerland\/angebote\/grashuepfer\/#breadcrumb","itemListElement":[{"@type":"ListItem","position":1,"name":"Home","item":"https:\/\/faz-hochrhein.de\/abenteuerland\/"},{"@type":"ListItem","position":2,"name":"Angebote","item":"https:\/\/faz-hochrhein.de\/abenteuerland\/angebote\/"},{"@type":"ListItem","position":3,"name":"Spiel- und Lerngruppe \u201eGrash\u00fcpfer\u201c"}]},{"@type":"WebSite","@id":"https:\/\/faz-hochrhein.de\/abenteuerland\/#website","url":"https:\/\/faz-hochrhein.de\/abenteuerland\/","name":"Abenteuerland Hochrhein in Lauchringen","description":"Freie Entfaltung f\u00fcr Kinder &amp; Jugendliche","publisher":{"@id":"https:\/\/faz-hochrhein.de\/abenteuerland\/#organization"},"potentialAction":[{"@type":"SearchAction","target":{"@type":"EntryPoint","urlTemplate":"https:\/\/faz-hochrhein.de\/abenteuerland\/?s={search_term_string}"},"query-input":{"@type":"PropertyValueSpecification","valueRequired":true,"valueName":"search_term_string"}}],"inLanguage":"de"},{"@type":"Organization","@id":"https:\/\/faz-hochrhein.de\/abenteuerland\/#organization","name":"Familienzentrum Hochrhein","url":"https:\/\/faz-hochrhein.de\/abenteuerland\/","logo":{"@type":"ImageObject","inLanguage":"de","@id":"https:\/\/faz-hochrhein.de\/abenteuerland\/#\/schema\/logo\/image\/","url":"https:\/\/faz-hochrhein.de\/abenteuerland\/wp-content\/uploads\/2016\/03\/Logo-Abenteuerland-Website.png","contentUrl":"https:\/\/faz-hochrhein.de\/abenteuerland\/wp-content\/uploads\/2016\/03\/Logo-Abenteuerland-Website.png","width":478,"height":150,"caption":"Familienzentrum Hochrhein"},"image":{"@id":"https:\/\/faz-hochrhein.de\/abenteuerland\/#\/schema\/logo\/image\/"},"sameAs":["https:\/\/www.facebook.com\/FamilienzentrumHochrhein\/"]}]}},"jetpack_sharing_enabled":true,"uagb_featured_image_src":{"full":false,"thumbnail":false,"medium":false,"medium_large":false,"large":false,"1536x1536":false,"2048x2048":false,"ocean-thumb-m":false,"ocean-thumb-ml":false,"ocean-thumb-l":false,"wcicon":false,"wcsquare":false,"wcsmall":false,"wcstandard":false,"wcbig":false,"wcfixedheightsmall":false,"wcfixedheightmedium":false,"wcfixedheight":false,"wccarouselsmall":false,"wccarousel":false,"wcslider":false},"uagb_author_info":{"display_name":"Abenteuerland Hochrhein","author_link":"https:\/\/faz-hochrhein.de\/abenteuerland\/author\/abenteuerland_admin\/"},"uagb_comment_info":0,"uagb_excerpt":"Die Spiel- und Lerngruppe spricht Familien mit behinderten und nicht-behinderten Kindern zwischen 1,5 bis 3 Jahren an. Die Spiel- und Lerngruppe bietet eine feste Gruppenstruktur mit einem konstanten ErzieherInnenteam. Die Kinder erleben die Natur und ihre Umwelt hautnah und machen so die ersten intensiven Erfahrungen: Sie lernen selbstst\u00e4ndiges und eigenaktives Handeln, sie entdecken und erforschen&hellip;","_links":{"self":[{"href":"https:\/\/faz-hochrhein.de\/abenteuerland\/wp-json\/wp\/v2\/pages\/2827","targetHints":{"allow":["GET"]}}],"collection":[{"href":"https:\/\/faz-hochrhein.de\/abenteuerland\/wp-json\/wp\/v2\/pages"}],"about":[{"href":"https:\/\/faz-hochrhein.de\/abenteuerland\/wp-json\/wp\/v2\/types\/page"}],"author":[{"embeddable":true,"href":"https:\/\/faz-hochrhein.de\/abenteuerland\/wp-json\/wp\/v2\/users\/1"}],"replies":[{"embeddable":true,"href":"https:\/\/faz-hochrhein.de\/abenteuerland\/wp-json\/wp\/v2\/comments?post=2827"}],"version-history":[{"count":9,"href":"https:\/\/faz-hochrhein.de\/abenteuerland\/wp-json\/wp\/v2\/pages\/2827\/revisions"}],"predecessor-version":[{"id":3542,"href":"https:\/\/faz-hochrhein.de\/abenteuerland\/wp-json\/wp\/v2\/pages\/2827\/revisions\/3542"}],"up":[{"embeddable":true,"href":"https:\/\/faz-hochrhein.de\/abenteuerland\/wp-json\/wp\/v2\/pages\/2730"}],"wp:attachment":[{"href":"https:\/\/faz-hochrhein.de\/abenteuerland\/wp-json\/wp\/v2\/media?parent=2827"}],"curies":[{"name":"wp","href":"https:\/\/api.w.org\/{rel}","templated":true}]}}