{"id":28,"date":"2016-03-06T21:56:27","date_gmt":"2016-03-06T20:56:27","guid":{"rendered":"http:\/\/faz-hochrhein.de\/abenteuerland\/?page_id=28"},"modified":"2021-02-01T18:29:51","modified_gmt":"2021-02-01T17:29:51","slug":"impressum","status":"publish","type":"page","link":"https:\/\/faz-hochrhein.de\/abenteuerland\/impressum\/","title":{"rendered":"Impressum"},"content":{"rendered":"<h2>Angaben gem\u00e4\u00df \u00a7 5 TMG:<\/h2>\n<p>Ulla Hahn<br \/>\nFamilienzentrum Hochrhein<br \/>\nBertold-Schmidt-Platz 7<br \/>\n79787 Lauchringen<\/p>\n<h2>Kontakt:<\/h2>\n<p>Telefon: 07741\/9679923<br \/>\nTelefax: 07741\/9679924<br \/>\nE-Mail: kontakt@faz-hochrhein.de<\/p>\n<h2>Verantwortlich f\u00fcr den Inhalt nach \u00a7 55 Abs. 2 RStV:<\/h2>\n<p>Ulla Hahn<br \/>\nFamilienzentrum Hochrhein<br \/>\nBertold-Schmidt-Platz 7<br \/>\n79787 Lauchringen<\/p>\n<h2>Haftung f\u00fcr Inhalte<\/h2>\n<p>Als Diensteanbieter sind wir gem\u00e4\u00df \u00a7 7 Abs.1 TMG f\u00fcr eigene Inhalte auf diesen Seiten nach den allgemeinen Gesetzen verantwortlich. Nach \u00a7\u00a7 8 bis 10 TMG sind wir als Diensteanbieter jedoch nicht verpflichtet, \u00fcbermittelte oder gespeicherte fremde Informationen zu \u00fcberwachen oder nach Umst\u00e4nden zu forschen, die auf eine rechtswidrige T\u00e4tigkeit hinweisen.<\/p>\n<p>Verpflichtungen zur Entfernung oder Sperrung der Nutzung von Informationen nach den allgemeinen Gesetzen bleiben hiervon unber\u00fchrt. Eine diesbez\u00fcgliche Haftung ist jedoch erst ab dem Zeitpunkt der Kenntnis einer konkreten Rechtsverletzung m\u00f6glich. Bei Bekanntwerden von entsprechenden Rechtsverletzungen werden wir diese Inhalte umgehend entfernen.<\/p>\n<h2>Haftung f\u00fcr Links<\/h2>\n<p>Unser Angebot enth\u00e4lt Links zu externen Websites Dritter, auf deren Inhalte wir keinen Einfluss haben. Deshalb k\u00f6nnen wir f\u00fcr diese fremden Inhalte auch keine Gew\u00e4hr \u00fcbernehmen. F\u00fcr die Inhalte der verlinkten Seiten ist stets der jeweilige Anbieter oder Betreiber der Seiten verantwortlich. Die verlinkten Seiten wurden zum Zeitpunkt der Verlinkung auf m\u00f6gliche Rechtsverst\u00f6\u00dfe \u00fcberpr\u00fcft. Rechtswidrige Inhalte waren zum Zeitpunkt der Verlinkung nicht erkennbar.<\/p>\n<p>Eine permanente inhaltliche Kontrolle der verlinkten Seiten ist jedoch ohne konkrete Anhaltspunkte einer Rechtsverletzung nicht zumutbar. Bei Bekanntwerden von Rechtsverletzungen werden wir derartige Links umgehend entfernen.<\/p>\n<h2>Urheberrecht<\/h2>\n<p>Die durch die Seitenbetreiber erstellten Inhalte und Werke auf diesen Seiten unterliegen dem deutschen Urheberrecht. Die Vervielf\u00e4ltigung, Bearbeitung, Verbreitung und jede Art der Verwertung au\u00dferhalb der Grenzen des Urheberrechtes bed\u00fcrfen der schriftlichen Zustimmung des jeweiligen Autors bzw. Erstellers. Downloads und Kopien dieser Seite sind nur f\u00fcr den privaten, nicht kommerziellen Gebrauch gestattet.<\/p>\n<p>Soweit die Inhalte auf dieser Seite nicht vom Betreiber erstellt wurden, werden die Urheberrechte Dritter beachtet. Insbesondere werden Inhalte Dritter als solche gekennzeichnet. Sollten Sie trotzdem auf eine Urheberrechtsverletzung aufmerksam werden, bitten wir um einen entsprechenden Hinweis. Bei Bekanntwerden von Rechtsverletzungen werden wir derartige Inhalte umgehend entfernen.<\/p>\n<p>Quelle: <a href=\"https:\/\/www.e-recht24.de\" target=\"_blank\" rel=\"noopener noreferrer\">https:\/\/www.e-recht24.de<\/a><\/p>\n<hr \/>\n<h2>Konzeption &amp; Umsetzung<\/h2>\n<p>Benjamin Hahn<br \/>\nBr\u00fchlstra\u00dfe 8<br \/>\n78315 Radolfzell am Bodensee<\/p>\n<p>Website:\u00a0<a class=\"normal\" href=\"https:\/\/bennihahn.com\/\" target=\"_blank\" rel=\"noopener noreferrer\">https:\/\/bennihahn.com<\/a><br \/>\nE-Mail:\u00a0<a class=\"normal\" href=\"mailto:kontakt@bennihahn.com\">kontakt@bennihahn.com<\/a><\/p>\n","protected":false},"excerpt":{"rendered":"<p>Angaben gem\u00e4\u00df \u00a7 5 TMG: Ulla Hahn Familienzentrum Hochrhein Bertold-Schmidt-Platz 7 79787 Lauchringen Kontakt: Telefon: 07741\/9679923 Telefax: 07741\/9679924 E-Mail: kontakt@faz-hochrhein.de Verantwortlich f\u00fcr den Inhalt nach \u00a7 55 Abs. 2 RStV: Ulla Hahn Familienzentrum Hochrhein Bertold-Schmidt-Platz 7 79787 Lauchringen Haftung f\u00fcr Inhalte Als Diensteanbieter sind wir gem\u00e4\u00df \u00a7 7 Abs.1 TMG f\u00fcr eigene Inhalte auf diesen [&hellip;]<\/p>\n","protected":false},"author":1,"featured_media":0,"parent":0,"menu_order":10,"comment_status":"closed","ping_status":"closed","template":"","meta":{"_uag_custom_page_level_css":"","ocean_post_layout":"","ocean_both_sidebars_style":"","ocean_both_sidebars_content_width":0,"ocean_both_sidebars_sidebars_width":0,"ocean_sidebar":"0","ocean_second_sidebar":"0","ocean_disable_margins":"enable","ocean_add_body_class":"","ocean_shortcode_before_top_bar":"","ocean_shortcode_after_top_bar":"","ocean_shortcode_before_header":"","ocean_shortcode_after_header":"","ocean_has_shortcode":"","ocean_shortcode_after_title":"","ocean_shortcode_before_footer_widgets":"","ocean_shortcode_after_footer_widgets":"","ocean_shortcode_before_footer_bottom":"","ocean_shortcode_after_footer_bottom":"","ocean_display_top_bar":"default","ocean_display_header":"default","ocean_header_style":"","ocean_center_header_left_menu":"0","ocean_custom_header_template":"0","ocean_custom_logo":0,"ocean_custom_retina_logo":0,"ocean_custom_logo_max_width":0,"ocean_custom_logo_tablet_max_width":0,"ocean_custom_logo_mobile_max_width":0,"ocean_custom_logo_max_height":0,"ocean_custom_logo_tablet_max_height":0,"ocean_custom_logo_mobile_max_height":0,"ocean_header_custom_menu":"0","ocean_menu_typo_font_family":"0","ocean_menu_typo_font_subset":"","ocean_menu_typo_font_size":0,"ocean_menu_typo_font_size_tablet":0,"ocean_menu_typo_font_size_mobile":0,"ocean_menu_typo_font_size_unit":"px","ocean_menu_typo_font_weight":"","ocean_menu_typo_font_weight_tablet":"","ocean_menu_typo_font_weight_mobile":"","ocean_menu_typo_transform":"","ocean_menu_typo_transform_tablet":"","ocean_menu_typo_transform_mobile":"","ocean_menu_typo_line_height":0,"ocean_menu_typo_line_height_tablet":0,"ocean_menu_typo_line_height_mobile":0,"ocean_menu_typo_line_height_unit":"","ocean_menu_typo_spacing":0,"ocean_menu_typo_spacing_tablet":0,"ocean_menu_typo_spacing_mobile":0,"ocean_menu_typo_spacing_unit":"","ocean_menu_link_color":"","ocean_menu_link_color_hover":"","ocean_menu_link_color_active":"","ocean_menu_link_background":"","ocean_menu_link_hover_background":"","ocean_menu_link_active_background":"","ocean_menu_social_links_bg":"","ocean_menu_social_hover_links_bg":"","ocean_menu_social_links_color":"","ocean_menu_social_hover_links_color":"","ocean_disable_title":"default","ocean_disable_heading":"default","ocean_post_title":"","ocean_post_subheading":"","ocean_post_title_style":"","ocean_post_title_background_color":"","ocean_post_title_background":0,"ocean_post_title_bg_image_position":"","ocean_post_title_bg_image_attachment":"","ocean_post_title_bg_image_repeat":"","ocean_post_title_bg_image_size":"","ocean_post_title_height":0,"ocean_post_title_bg_overlay":0.5,"ocean_post_title_bg_overlay_color":"","ocean_disable_breadcrumbs":"default","ocean_breadcrumbs_color":"","ocean_breadcrumbs_separator_color":"","ocean_breadcrumbs_links_color":"","ocean_breadcrumbs_links_hover_color":"","ocean_display_footer_widgets":"default","ocean_display_footer_bottom":"default","ocean_custom_footer_template":"0","footnotes":""},"class_list":["post-28","page","type-page","status-publish","hentry","entry"],"yoast_head":"<!-- This site is optimized with the Yoast SEO plugin v23.9 - https:\/\/yoast.com\/wordpress\/plugins\/seo\/ -->\n<title>Impressum &#8211; Abenteuerland Hochrhein in Lauchringen<\/title>\n<meta name=\"description\" content=\"Im Impressum finden Sie Urheberrechtshinweise, Haftungsausschluss sowie Informationen zum Datenschutz auf dieser Website.\" \/>\n<meta name=\"robots\" content=\"index, follow, max-snippet:-1, max-image-preview:large, max-video-preview:-1\" \/>\n<link rel=\"canonical\" href=\"https:\/\/faz-hochrhein.de\/abenteuerland\/impressum\/\" \/>\n<meta property=\"og:locale\" content=\"de_DE\" \/>\n<meta property=\"og:type\" content=\"article\" \/>\n<meta property=\"og:title\" content=\"Impressum &#8211; Abenteuerland Hochrhein in Lauchringen\" \/>\n<meta property=\"og:description\" content=\"Im Impressum finden Sie Urheberrechtshinweise, Haftungsausschluss sowie Informationen zum Datenschutz auf dieser Website.\" \/>\n<meta property=\"og:url\" content=\"https:\/\/faz-hochrhein.de\/abenteuerland\/impressum\/\" \/>\n<meta property=\"og:site_name\" content=\"Abenteuerland Hochrhein in Lauchringen\" \/>\n<meta property=\"article:publisher\" content=\"https:\/\/www.facebook.com\/FamilienzentrumHochrhein\/\" \/>\n<meta property=\"article:modified_time\" content=\"2021-02-01T17:29:51+00:00\" \/>\n<meta property=\"og:image\" content=\"https:\/\/faz-hochrhein.de\/abenteuerland\/wp-content\/uploads\/2016\/03\/Logo-Abenteuerland-Website.png\" \/>\n\t<meta property=\"og:image:width\" content=\"478\" \/>\n\t<meta property=\"og:image:height\" content=\"150\" \/>\n\t<meta property=\"og:image:type\" content=\"image\/png\" \/>\n<meta name=\"twitter:card\" content=\"summary_large_image\" \/>\n<meta name=\"twitter:label1\" content=\"Gesch\u00e4tzte Lesezeit\" \/>\n\t<meta name=\"twitter:data1\" content=\"2\u00a0Minuten\" \/>\n<script type=\"application\/ld+json\" class=\"yoast-schema-graph\">{\"@context\":\"https:\/\/schema.org\",\"@graph\":[{\"@type\":\"WebPage\",\"@id\":\"https:\/\/faz-hochrhein.de\/abenteuerland\/impressum\/\",\"url\":\"https:\/\/faz-hochrhein.de\/abenteuerland\/impressum\/\",\"name\":\"Impressum &#8211; Abenteuerland Hochrhein in Lauchringen\",\"isPartOf\":{\"@id\":\"https:\/\/faz-hochrhein.de\/abenteuerland\/#website\"},\"datePublished\":\"2016-03-06T20:56:27+00:00\",\"dateModified\":\"2021-02-01T17:29:51+00:00\",\"description\":\"Im Impressum finden Sie Urheberrechtshinweise, Haftungsausschluss sowie Informationen zum Datenschutz auf dieser Website.\",\"breadcrumb\":{\"@id\":\"https:\/\/faz-hochrhein.de\/abenteuerland\/impressum\/#breadcrumb\"},\"inLanguage\":\"de\",\"potentialAction\":[{\"@type\":\"ReadAction\",\"target\":[\"https:\/\/faz-hochrhein.de\/abenteuerland\/impressum\/\"]}]},{\"@type\":\"BreadcrumbList\",\"@id\":\"https:\/\/faz-hochrhein.de\/abenteuerland\/impressum\/#breadcrumb\",\"itemListElement\":[{\"@type\":\"ListItem\",\"position\":1,\"name\":\"Home\",\"item\":\"https:\/\/faz-hochrhein.de\/abenteuerland\/\"},{\"@type\":\"ListItem\",\"position\":2,\"name\":\"Impressum\"}]},{\"@type\":\"WebSite\",\"@id\":\"https:\/\/faz-hochrhein.de\/abenteuerland\/#website\",\"url\":\"https:\/\/faz-hochrhein.de\/abenteuerland\/\",\"name\":\"Abenteuerland Hochrhein in Lauchringen\",\"description\":\"Freie Entfaltung f\u00fcr Kinder &amp; Jugendliche\",\"publisher\":{\"@id\":\"https:\/\/faz-hochrhein.de\/abenteuerland\/#organization\"},\"potentialAction\":[{\"@type\":\"SearchAction\",\"target\":{\"@type\":\"EntryPoint\",\"urlTemplate\":\"https:\/\/faz-hochrhein.de\/abenteuerland\/?s={search_term_string}\"},\"query-input\":{\"@type\":\"PropertyValueSpecification\",\"valueRequired\":true,\"valueName\":\"search_term_string\"}}],\"inLanguage\":\"de\"},{\"@type\":\"Organization\",\"@id\":\"https:\/\/faz-hochrhein.de\/abenteuerland\/#organization\",\"name\":\"Familienzentrum Hochrhein\",\"url\":\"https:\/\/faz-hochrhein.de\/abenteuerland\/\",\"logo\":{\"@type\":\"ImageObject\",\"inLanguage\":\"de\",\"@id\":\"https:\/\/faz-hochrhein.de\/abenteuerland\/#\/schema\/logo\/image\/\",\"url\":\"https:\/\/faz-hochrhein.de\/abenteuerland\/wp-content\/uploads\/2016\/03\/Logo-Abenteuerland-Website.png\",\"contentUrl\":\"https:\/\/faz-hochrhein.de\/abenteuerland\/wp-content\/uploads\/2016\/03\/Logo-Abenteuerland-Website.png\",\"width\":478,\"height\":150,\"caption\":\"Familienzentrum Hochrhein\"},\"image\":{\"@id\":\"https:\/\/faz-hochrhein.de\/abenteuerland\/#\/schema\/logo\/image\/\"},\"sameAs\":[\"https:\/\/www.facebook.com\/FamilienzentrumHochrhein\/\"]}]}<\/script>\n<!-- \/ Yoast SEO plugin. -->","yoast_head_json":{"title":"Impressum &#8211; Abenteuerland Hochrhein in Lauchringen","description":"Im Impressum finden Sie Urheberrechtshinweise, Haftungsausschluss sowie Informationen zum Datenschutz auf dieser Website.","robots":{"index":"index","follow":"follow","max-snippet":"max-snippet:-1","max-image-preview":"max-image-preview:large","max-video-preview":"max-video-preview:-1"},"canonical":"https:\/\/faz-hochrhein.de\/abenteuerland\/impressum\/","og_locale":"de_DE","og_type":"article","og_title":"Impressum &#8211; Abenteuerland Hochrhein in Lauchringen","og_description":"Im Impressum finden Sie Urheberrechtshinweise, Haftungsausschluss sowie Informationen zum Datenschutz auf dieser Website.","og_url":"https:\/\/faz-hochrhein.de\/abenteuerland\/impressum\/","og_site_name":"Abenteuerland Hochrhein in Lauchringen","article_publisher":"https:\/\/www.facebook.com\/FamilienzentrumHochrhein\/","article_modified_time":"2021-02-01T17:29:51+00:00","og_image":[{"width":478,"height":150,"url":"https:\/\/faz-hochrhein.de\/abenteuerland\/wp-content\/uploads\/2016\/03\/Logo-Abenteuerland-Website.png","type":"image\/png"}],"twitter_card":"summary_large_image","twitter_misc":{"Gesch\u00e4tzte Lesezeit":"2\u00a0Minuten"},"schema":{"@context":"https:\/\/schema.org","@graph":[{"@type":"WebPage","@id":"https:\/\/faz-hochrhein.de\/abenteuerland\/impressum\/","url":"https:\/\/faz-hochrhein.de\/abenteuerland\/impressum\/","name":"Impressum &#8211; Abenteuerland Hochrhein in Lauchringen","isPartOf":{"@id":"https:\/\/faz-hochrhein.de\/abenteuerland\/#website"},"datePublished":"2016-03-06T20:56:27+00:00","dateModified":"2021-02-01T17:29:51+00:00","description":"Im Impressum finden Sie Urheberrechtshinweise, Haftungsausschluss sowie Informationen zum Datenschutz auf dieser Website.","breadcrumb":{"@id":"https:\/\/faz-hochrhein.de\/abenteuerland\/impressum\/#breadcrumb"},"inLanguage":"de","potentialAction":[{"@type":"ReadAction","target":["https:\/\/faz-hochrhein.de\/abenteuerland\/impressum\/"]}]},{"@type":"BreadcrumbList","@id":"https:\/\/faz-hochrhein.de\/abenteuerland\/impressum\/#breadcrumb","itemListElement":[{"@type":"ListItem","position":1,"name":"Home","item":"https:\/\/faz-hochrhein.de\/abenteuerland\/"},{"@type":"ListItem","position":2,"name":"Impressum"}]},{"@type":"WebSite","@id":"https:\/\/faz-hochrhein.de\/abenteuerland\/#website","url":"https:\/\/faz-hochrhein.de\/abenteuerland\/","name":"Abenteuerland Hochrhein in Lauchringen","description":"Freie Entfaltung f\u00fcr Kinder &amp; Jugendliche","publisher":{"@id":"https:\/\/faz-hochrhein.de\/abenteuerland\/#organization"},"potentialAction":[{"@type":"SearchAction","target":{"@type":"EntryPoint","urlTemplate":"https:\/\/faz-hochrhein.de\/abenteuerland\/?s={search_term_string}"},"query-input":{"@type":"PropertyValueSpecification","valueRequired":true,"valueName":"search_term_string"}}],"inLanguage":"de"},{"@type":"Organization","@id":"https:\/\/faz-hochrhein.de\/abenteuerland\/#organization","name":"Familienzentrum Hochrhein","url":"https:\/\/faz-hochrhein.de\/abenteuerland\/","logo":{"@type":"ImageObject","inLanguage":"de","@id":"https:\/\/faz-hochrhein.de\/abenteuerland\/#\/schema\/logo\/image\/","url":"https:\/\/faz-hochrhein.de\/abenteuerland\/wp-content\/uploads\/2016\/03\/Logo-Abenteuerland-Website.png","contentUrl":"https:\/\/faz-hochrhein.de\/abenteuerland\/wp-content\/uploads\/2016\/03\/Logo-Abenteuerland-Website.png","width":478,"height":150,"caption":"Familienzentrum Hochrhein"},"image":{"@id":"https:\/\/faz-hochrhein.de\/abenteuerland\/#\/schema\/logo\/image\/"},"sameAs":["https:\/\/www.facebook.com\/FamilienzentrumHochrhein\/"]}]}},"jetpack_sharing_enabled":true,"uagb_featured_image_src":{"full":false,"thumbnail":false,"medium":false,"medium_large":false,"large":false,"1536x1536":false,"2048x2048":false,"ocean-thumb-m":false,"ocean-thumb-ml":false,"ocean-thumb-l":false,"wcicon":false,"wcsquare":false,"wcsmall":false,"wcstandard":false,"wcbig":false,"wcfixedheightsmall":false,"wcfixedheightmedium":false,"wcfixedheight":false,"wccarouselsmall":false,"wccarousel":false,"wcslider":false},"uagb_author_info":{"display_name":"Abenteuerland Hochrhein","author_link":"https:\/\/faz-hochrhein.de\/abenteuerland\/author\/abenteuerland_admin\/"},"uagb_comment_info":0,"uagb_excerpt":"Angaben gem\u00e4\u00df \u00a7 5 TMG: Ulla Hahn Familienzentrum Hochrhein Bertold-Schmidt-Platz 7 79787 Lauchringen Kontakt: Telefon: 07741\/9679923 Telefax: 07741\/9679924 E-Mail: kontakt@faz-hochrhein.de Verantwortlich f\u00fcr den Inhalt nach \u00a7 55 Abs. 2 RStV: Ulla Hahn Familienzentrum Hochrhein Bertold-Schmidt-Platz 7 79787 Lauchringen Haftung f\u00fcr Inhalte Als Diensteanbieter sind wir gem\u00e4\u00df \u00a7 7 Abs.1 TMG f\u00fcr eigene Inhalte auf diesen&hellip;","_links":{"self":[{"href":"https:\/\/faz-hochrhein.de\/abenteuerland\/wp-json\/wp\/v2\/pages\/28","targetHints":{"allow":["GET"]}}],"collection":[{"href":"https:\/\/faz-hochrhein.de\/abenteuerland\/wp-json\/wp\/v2\/pages"}],"about":[{"href":"https:\/\/faz-hochrhein.de\/abenteuerland\/wp-json\/wp\/v2\/types\/page"}],"author":[{"embeddable":true,"href":"https:\/\/faz-hochrhein.de\/abenteuerland\/wp-json\/wp\/v2\/users\/1"}],"replies":[{"embeddable":true,"href":"https:\/\/faz-hochrhein.de\/abenteuerland\/wp-json\/wp\/v2\/comments?post=28"}],"version-history":[{"count":13,"href":"https:\/\/faz-hochrhein.de\/abenteuerland\/wp-json\/wp\/v2\/pages\/28\/revisions"}],"predecessor-version":[{"id":3219,"href":"https:\/\/faz-hochrhein.de\/abenteuerland\/wp-json\/wp\/v2\/pages\/28\/revisions\/3219"}],"wp:attachment":[{"href":"https:\/\/faz-hochrhein.de\/abenteuerland\/wp-json\/wp\/v2\/media?parent=28"}],"curies":[{"name":"wp","href":"https:\/\/api.w.org\/{rel}","templated":true}]}}