{"id":2743,"date":"2020-12-06T12:45:27","date_gmt":"2020-12-06T11:45:27","guid":{"rendered":"https:\/\/faz-hochrhein.de\/abenteuerland\/?page_id=2743"},"modified":"2025-11-18T11:35:58","modified_gmt":"2025-11-18T10:35:58","slug":"kindergeburtstage-thementage","status":"publish","type":"page","link":"https:\/\/faz-hochrhein.de\/abenteuerland\/angebote\/kindergeburtstage-thementage\/","title":{"rendered":"Kindergeburtstage"},"content":{"rendered":"\n<p>Das \u201eAbenteuerland\u201c ist ein p\u00e4dagogisch betreuter Abenteuerplatz f\u00fcr Kinder. Es ist <strong>kein<\/strong> Freizeitgel\u00e4nde f\u00fcr private Feiern oder Grillplatz f\u00fcr Familienfeiern.&nbsp;<\/p>\n\n\n\n<p>Kindergeburtstage \/ Thementage sind unter Einhaltung der beschriebenen Regeln erw\u00fcnscht. Ist allerdings eine Familienfeier geplant, nutze bitte \u00f6ffentlich ausgewiesene Grillpl\u00e4tze, wie z. B. auf dem Spielplatz nebenan.\u00a0<\/p>\n\n\n\n<hr class=\"wp-block-separator has-css-opacity\"\/>\n\n\n\n<h2 class=\"wp-block-heading\">Weitere Informationen<\/h2>\n\n\n\n<p><strong>Weitere Informationen und Preise erhaltet ihr in unserem B\u00fcro bei Andrea Strasser oder Andreas Schumpp<\/strong><\/p>\n\n\n\n<p>Pers\u00f6nlich, telefonisch 07741-8089371 (FaZ: 07741-9679923) oder per E-Mail <a href=\"mailto:kontakt@faz-hochrhein.de\">kontakt@faz-hochrhein.de<\/a><\/p>\n","protected":false},"excerpt":{"rendered":"<p>Das \u201eAbenteuerland\u201c ist ein p\u00e4dagogisch betreuter Abenteuerplatz f\u00fcr Kinder. Es ist kein Freizeitgel\u00e4nde f\u00fcr private Feiern oder Grillplatz f\u00fcr Familienfeiern.&nbsp; Kindergeburtstage \/ Thementage sind unter Einhaltung der beschriebenen Regeln erw\u00fcnscht. Ist allerdings eine Familienfeier geplant, nutze bitte \u00f6ffentlich ausgewiesene Grillpl\u00e4tze, wie z. B. auf dem Spielplatz nebenan.\u00a0 Weitere Informationen Weitere Informationen und Preise erhaltet ihr [&hellip;]<\/p>\n","protected":false},"author":1,"featured_media":0,"parent":2730,"menu_order":0,"comment_status":"closed","ping_status":"closed","template":"","meta":{"_uag_custom_page_level_css":"","ocean_post_layout":"","ocean_both_sidebars_style":"","ocean_both_sidebars_content_width":0,"ocean_both_sidebars_sidebars_width":0,"ocean_sidebar":"0","ocean_second_sidebar":"0","ocean_disable_margins":"enable","ocean_add_body_class":"","ocean_shortcode_before_top_bar":"","ocean_shortcode_after_top_bar":"","ocean_shortcode_before_header":"","ocean_shortcode_after_header":"","ocean_has_shortcode":"","ocean_shortcode_after_title":"","ocean_shortcode_before_footer_widgets":"","ocean_shortcode_after_footer_widgets":"","ocean_shortcode_before_footer_bottom":"","ocean_shortcode_after_footer_bottom":"","ocean_display_top_bar":"default","ocean_display_header":"default","ocean_header_style":"","ocean_center_header_left_menu":"0","ocean_custom_header_template":"0","ocean_custom_logo":0,"ocean_custom_retina_logo":0,"ocean_custom_logo_max_width":0,"ocean_custom_logo_tablet_max_width":0,"ocean_custom_logo_mobile_max_width":0,"ocean_custom_logo_max_height":0,"ocean_custom_logo_tablet_max_height":0,"ocean_custom_logo_mobile_max_height":0,"ocean_header_custom_menu":"0","ocean_menu_typo_font_family":"0","ocean_menu_typo_font_subset":"","ocean_menu_typo_font_size":0,"ocean_menu_typo_font_size_tablet":0,"ocean_menu_typo_font_size_mobile":0,"ocean_menu_typo_font_size_unit":"px","ocean_menu_typo_font_weight":"","ocean_menu_typo_font_weight_tablet":"","ocean_menu_typo_font_weight_mobile":"","ocean_menu_typo_transform":"","ocean_menu_typo_transform_tablet":"","ocean_menu_typo_transform_mobile":"","ocean_menu_typo_line_height":0,"ocean_menu_typo_line_height_tablet":0,"ocean_menu_typo_line_height_mobile":0,"ocean_menu_typo_line_height_unit":"","ocean_menu_typo_spacing":0,"ocean_menu_typo_spacing_tablet":0,"ocean_menu_typo_spacing_mobile":0,"ocean_menu_typo_spacing_unit":"","ocean_menu_link_color":"","ocean_menu_link_color_hover":"","ocean_menu_link_color_active":"","ocean_menu_link_background":"","ocean_menu_link_hover_background":"","ocean_menu_link_active_background":"","ocean_menu_social_links_bg":"","ocean_menu_social_hover_links_bg":"","ocean_menu_social_links_color":"","ocean_menu_social_hover_links_color":"","ocean_disable_title":"default","ocean_disable_heading":"default","ocean_post_title":"","ocean_post_subheading":"","ocean_post_title_style":"","ocean_post_title_background_color":"","ocean_post_title_background":0,"ocean_post_title_bg_image_position":"","ocean_post_title_bg_image_attachment":"","ocean_post_title_bg_image_repeat":"","ocean_post_title_bg_image_size":"","ocean_post_title_height":0,"ocean_post_title_bg_overlay":0.5,"ocean_post_title_bg_overlay_color":"","ocean_disable_breadcrumbs":"default","ocean_breadcrumbs_color":"","ocean_breadcrumbs_separator_color":"","ocean_breadcrumbs_links_color":"","ocean_breadcrumbs_links_hover_color":"","ocean_display_footer_widgets":"default","ocean_display_footer_bottom":"default","ocean_custom_footer_template":"0","footnotes":""},"class_list":["post-2743","page","type-page","status-publish","hentry","entry"],"yoast_head":"<!-- This site is optimized with the Yoast SEO plugin v23.9 - https:\/\/yoast.com\/wordpress\/plugins\/seo\/ -->\n<title>Kindergeburtstage &#8211; Abenteuerland Hochrhein in Lauchringen<\/title>\n<meta name=\"robots\" content=\"index, follow, max-snippet:-1, max-image-preview:large, max-video-preview:-1\" \/>\n<link rel=\"canonical\" href=\"https:\/\/faz-hochrhein.de\/abenteuerland\/angebote\/kindergeburtstage-thementage\/\" \/>\n<meta property=\"og:locale\" content=\"de_DE\" \/>\n<meta property=\"og:type\" content=\"article\" \/>\n<meta property=\"og:title\" content=\"Kindergeburtstage &#8211; Abenteuerland Hochrhein in Lauchringen\" \/>\n<meta property=\"og:description\" content=\"Das \u201eAbenteuerland\u201c ist ein p\u00e4dagogisch betreuter Abenteuerplatz f\u00fcr Kinder. Es ist kein Freizeitgel\u00e4nde f\u00fcr private Feiern oder Grillplatz f\u00fcr Familienfeiern.&nbsp; Kindergeburtstage \/ Thementage sind unter Einhaltung der beschriebenen Regeln erw\u00fcnscht. Ist allerdings eine Familienfeier geplant, nutze bitte \u00f6ffentlich ausgewiesene Grillpl\u00e4tze, wie z. B. auf dem Spielplatz nebenan.\u00a0 Weitere Informationen Weitere Informationen und Preise erhaltet ihr [&hellip;]\" \/>\n<meta property=\"og:url\" content=\"https:\/\/faz-hochrhein.de\/abenteuerland\/angebote\/kindergeburtstage-thementage\/\" \/>\n<meta property=\"og:site_name\" content=\"Abenteuerland Hochrhein in Lauchringen\" \/>\n<meta property=\"article:publisher\" content=\"https:\/\/www.facebook.com\/FamilienzentrumHochrhein\/\" \/>\n<meta property=\"article:modified_time\" content=\"2025-11-18T10:35:58+00:00\" \/>\n<meta property=\"og:image\" content=\"https:\/\/faz-hochrhein.de\/abenteuerland\/wp-content\/uploads\/2016\/03\/Logo-Abenteuerland-Website.png\" \/>\n\t<meta property=\"og:image:width\" content=\"478\" \/>\n\t<meta property=\"og:image:height\" content=\"150\" \/>\n\t<meta property=\"og:image:type\" content=\"image\/png\" \/>\n<meta name=\"twitter:card\" content=\"summary_large_image\" \/>\n<meta name=\"twitter:label1\" content=\"Gesch\u00e4tzte Lesezeit\" \/>\n\t<meta name=\"twitter:data1\" content=\"1\u00a0Minute\" \/>\n<script type=\"application\/ld+json\" class=\"yoast-schema-graph\">{\"@context\":\"https:\/\/schema.org\",\"@graph\":[{\"@type\":\"WebPage\",\"@id\":\"https:\/\/faz-hochrhein.de\/abenteuerland\/angebote\/kindergeburtstage-thementage\/\",\"url\":\"https:\/\/faz-hochrhein.de\/abenteuerland\/angebote\/kindergeburtstage-thementage\/\",\"name\":\"Kindergeburtstage &#8211; Abenteuerland Hochrhein in Lauchringen\",\"isPartOf\":{\"@id\":\"https:\/\/faz-hochrhein.de\/abenteuerland\/#website\"},\"datePublished\":\"2020-12-06T11:45:27+00:00\",\"dateModified\":\"2025-11-18T10:35:58+00:00\",\"breadcrumb\":{\"@id\":\"https:\/\/faz-hochrhein.de\/abenteuerland\/angebote\/kindergeburtstage-thementage\/#breadcrumb\"},\"inLanguage\":\"de\",\"potentialAction\":[{\"@type\":\"ReadAction\",\"target\":[\"https:\/\/faz-hochrhein.de\/abenteuerland\/angebote\/kindergeburtstage-thementage\/\"]}]},{\"@type\":\"BreadcrumbList\",\"@id\":\"https:\/\/faz-hochrhein.de\/abenteuerland\/angebote\/kindergeburtstage-thementage\/#breadcrumb\",\"itemListElement\":[{\"@type\":\"ListItem\",\"position\":1,\"name\":\"Home\",\"item\":\"https:\/\/faz-hochrhein.de\/abenteuerland\/\"},{\"@type\":\"ListItem\",\"position\":2,\"name\":\"Angebote\",\"item\":\"https:\/\/faz-hochrhein.de\/abenteuerland\/angebote\/\"},{\"@type\":\"ListItem\",\"position\":3,\"name\":\"Kindergeburtstage\"}]},{\"@type\":\"WebSite\",\"@id\":\"https:\/\/faz-hochrhein.de\/abenteuerland\/#website\",\"url\":\"https:\/\/faz-hochrhein.de\/abenteuerland\/\",\"name\":\"Abenteuerland Hochrhein in Lauchringen\",\"description\":\"Freie Entfaltung f\u00fcr Kinder &amp; Jugendliche\",\"publisher\":{\"@id\":\"https:\/\/faz-hochrhein.de\/abenteuerland\/#organization\"},\"potentialAction\":[{\"@type\":\"SearchAction\",\"target\":{\"@type\":\"EntryPoint\",\"urlTemplate\":\"https:\/\/faz-hochrhein.de\/abenteuerland\/?s={search_term_string}\"},\"query-input\":{\"@type\":\"PropertyValueSpecification\",\"valueRequired\":true,\"valueName\":\"search_term_string\"}}],\"inLanguage\":\"de\"},{\"@type\":\"Organization\",\"@id\":\"https:\/\/faz-hochrhein.de\/abenteuerland\/#organization\",\"name\":\"Familienzentrum Hochrhein\",\"url\":\"https:\/\/faz-hochrhein.de\/abenteuerland\/\",\"logo\":{\"@type\":\"ImageObject\",\"inLanguage\":\"de\",\"@id\":\"https:\/\/faz-hochrhein.de\/abenteuerland\/#\/schema\/logo\/image\/\",\"url\":\"https:\/\/faz-hochrhein.de\/abenteuerland\/wp-content\/uploads\/2016\/03\/Logo-Abenteuerland-Website.png\",\"contentUrl\":\"https:\/\/faz-hochrhein.de\/abenteuerland\/wp-content\/uploads\/2016\/03\/Logo-Abenteuerland-Website.png\",\"width\":478,\"height\":150,\"caption\":\"Familienzentrum Hochrhein\"},\"image\":{\"@id\":\"https:\/\/faz-hochrhein.de\/abenteuerland\/#\/schema\/logo\/image\/\"},\"sameAs\":[\"https:\/\/www.facebook.com\/FamilienzentrumHochrhein\/\"]}]}<\/script>\n<!-- \/ Yoast SEO plugin. -->","yoast_head_json":{"title":"Kindergeburtstage &#8211; Abenteuerland Hochrhein in Lauchringen","robots":{"index":"index","follow":"follow","max-snippet":"max-snippet:-1","max-image-preview":"max-image-preview:large","max-video-preview":"max-video-preview:-1"},"canonical":"https:\/\/faz-hochrhein.de\/abenteuerland\/angebote\/kindergeburtstage-thementage\/","og_locale":"de_DE","og_type":"article","og_title":"Kindergeburtstage &#8211; Abenteuerland Hochrhein in Lauchringen","og_description":"Das \u201eAbenteuerland\u201c ist ein p\u00e4dagogisch betreuter Abenteuerplatz f\u00fcr Kinder. Es ist kein Freizeitgel\u00e4nde f\u00fcr private Feiern oder Grillplatz f\u00fcr Familienfeiern.&nbsp; Kindergeburtstage \/ Thementage sind unter Einhaltung der beschriebenen Regeln erw\u00fcnscht. Ist allerdings eine Familienfeier geplant, nutze bitte \u00f6ffentlich ausgewiesene Grillpl\u00e4tze, wie z. B. auf dem Spielplatz nebenan.\u00a0 Weitere Informationen Weitere Informationen und Preise erhaltet ihr [&hellip;]","og_url":"https:\/\/faz-hochrhein.de\/abenteuerland\/angebote\/kindergeburtstage-thementage\/","og_site_name":"Abenteuerland Hochrhein in Lauchringen","article_publisher":"https:\/\/www.facebook.com\/FamilienzentrumHochrhein\/","article_modified_time":"2025-11-18T10:35:58+00:00","og_image":[{"width":478,"height":150,"url":"https:\/\/faz-hochrhein.de\/abenteuerland\/wp-content\/uploads\/2016\/03\/Logo-Abenteuerland-Website.png","type":"image\/png"}],"twitter_card":"summary_large_image","twitter_misc":{"Gesch\u00e4tzte Lesezeit":"1\u00a0Minute"},"schema":{"@context":"https:\/\/schema.org","@graph":[{"@type":"WebPage","@id":"https:\/\/faz-hochrhein.de\/abenteuerland\/angebote\/kindergeburtstage-thementage\/","url":"https:\/\/faz-hochrhein.de\/abenteuerland\/angebote\/kindergeburtstage-thementage\/","name":"Kindergeburtstage &#8211; Abenteuerland Hochrhein in Lauchringen","isPartOf":{"@id":"https:\/\/faz-hochrhein.de\/abenteuerland\/#website"},"datePublished":"2020-12-06T11:45:27+00:00","dateModified":"2025-11-18T10:35:58+00:00","breadcrumb":{"@id":"https:\/\/faz-hochrhein.de\/abenteuerland\/angebote\/kindergeburtstage-thementage\/#breadcrumb"},"inLanguage":"de","potentialAction":[{"@type":"ReadAction","target":["https:\/\/faz-hochrhein.de\/abenteuerland\/angebote\/kindergeburtstage-thementage\/"]}]},{"@type":"BreadcrumbList","@id":"https:\/\/faz-hochrhein.de\/abenteuerland\/angebote\/kindergeburtstage-thementage\/#breadcrumb","itemListElement":[{"@type":"ListItem","position":1,"name":"Home","item":"https:\/\/faz-hochrhein.de\/abenteuerland\/"},{"@type":"ListItem","position":2,"name":"Angebote","item":"https:\/\/faz-hochrhein.de\/abenteuerland\/angebote\/"},{"@type":"ListItem","position":3,"name":"Kindergeburtstage"}]},{"@type":"WebSite","@id":"https:\/\/faz-hochrhein.de\/abenteuerland\/#website","url":"https:\/\/faz-hochrhein.de\/abenteuerland\/","name":"Abenteuerland Hochrhein in Lauchringen","description":"Freie Entfaltung f\u00fcr Kinder &amp; Jugendliche","publisher":{"@id":"https:\/\/faz-hochrhein.de\/abenteuerland\/#organization"},"potentialAction":[{"@type":"SearchAction","target":{"@type":"EntryPoint","urlTemplate":"https:\/\/faz-hochrhein.de\/abenteuerland\/?s={search_term_string}"},"query-input":{"@type":"PropertyValueSpecification","valueRequired":true,"valueName":"search_term_string"}}],"inLanguage":"de"},{"@type":"Organization","@id":"https:\/\/faz-hochrhein.de\/abenteuerland\/#organization","name":"Familienzentrum Hochrhein","url":"https:\/\/faz-hochrhein.de\/abenteuerland\/","logo":{"@type":"ImageObject","inLanguage":"de","@id":"https:\/\/faz-hochrhein.de\/abenteuerland\/#\/schema\/logo\/image\/","url":"https:\/\/faz-hochrhein.de\/abenteuerland\/wp-content\/uploads\/2016\/03\/Logo-Abenteuerland-Website.png","contentUrl":"https:\/\/faz-hochrhein.de\/abenteuerland\/wp-content\/uploads\/2016\/03\/Logo-Abenteuerland-Website.png","width":478,"height":150,"caption":"Familienzentrum Hochrhein"},"image":{"@id":"https:\/\/faz-hochrhein.de\/abenteuerland\/#\/schema\/logo\/image\/"},"sameAs":["https:\/\/www.facebook.com\/FamilienzentrumHochrhein\/"]}]}},"jetpack_sharing_enabled":true,"uagb_featured_image_src":{"full":false,"thumbnail":false,"medium":false,"medium_large":false,"large":false,"1536x1536":false,"2048x2048":false,"ocean-thumb-m":false,"ocean-thumb-ml":false,"ocean-thumb-l":false,"wcicon":false,"wcsquare":false,"wcsmall":false,"wcstandard":false,"wcbig":false,"wcfixedheightsmall":false,"wcfixedheightmedium":false,"wcfixedheight":false,"wccarouselsmall":false,"wccarousel":false,"wcslider":false},"uagb_author_info":{"display_name":"Abenteuerland Hochrhein","author_link":"https:\/\/faz-hochrhein.de\/abenteuerland\/author\/abenteuerland_admin\/"},"uagb_comment_info":0,"uagb_excerpt":"Das \u201eAbenteuerland\u201c ist ein p\u00e4dagogisch betreuter Abenteuerplatz f\u00fcr Kinder. Es ist kein Freizeitgel\u00e4nde f\u00fcr private Feiern oder Grillplatz f\u00fcr Familienfeiern.&nbsp; Kindergeburtstage \/ Thementage sind unter Einhaltung der beschriebenen Regeln erw\u00fcnscht. Ist allerdings eine Familienfeier geplant, nutze bitte \u00f6ffentlich ausgewiesene Grillpl\u00e4tze, wie z. B. auf dem Spielplatz nebenan.\u00a0 Weitere Informationen Weitere Informationen und Preise erhaltet ihr&hellip;","_links":{"self":[{"href":"https:\/\/faz-hochrhein.de\/abenteuerland\/wp-json\/wp\/v2\/pages\/2743","targetHints":{"allow":["GET"]}}],"collection":[{"href":"https:\/\/faz-hochrhein.de\/abenteuerland\/wp-json\/wp\/v2\/pages"}],"about":[{"href":"https:\/\/faz-hochrhein.de\/abenteuerland\/wp-json\/wp\/v2\/types\/page"}],"author":[{"embeddable":true,"href":"https:\/\/faz-hochrhein.de\/abenteuerland\/wp-json\/wp\/v2\/users\/1"}],"replies":[{"embeddable":true,"href":"https:\/\/faz-hochrhein.de\/abenteuerland\/wp-json\/wp\/v2\/comments?post=2743"}],"version-history":[{"count":8,"href":"https:\/\/faz-hochrhein.de\/abenteuerland\/wp-json\/wp\/v2\/pages\/2743\/revisions"}],"predecessor-version":[{"id":3541,"href":"https:\/\/faz-hochrhein.de\/abenteuerland\/wp-json\/wp\/v2\/pages\/2743\/revisions\/3541"}],"up":[{"embeddable":true,"href":"https:\/\/faz-hochrhein.de\/abenteuerland\/wp-json\/wp\/v2\/pages\/2730"}],"wp:attachment":[{"href":"https:\/\/faz-hochrhein.de\/abenteuerland\/wp-json\/wp\/v2\/media?parent=2743"}],"curies":[{"name":"wp","href":"https:\/\/api.w.org\/{rel}","templated":true}]}}