{"id":2,"date":"2016-02-27T19:49:49","date_gmt":"2016-02-27T18:49:49","guid":{"rendered":"http:\/\/faz-hochrhein.de\/abenteuerland\/?page_id=2"},"modified":"2024-10-19T16:32:08","modified_gmt":"2024-10-19T14:32:08","slug":"kontakt-anfahrt","status":"publish","type":"page","link":"https:\/\/faz-hochrhein.de\/abenteuerland\/kontakt-anfahrt\/","title":{"rendered":"Kontakt &#038; Anfahrt"},"content":{"rendered":"\n<h2 class=\"wp-block-heading\">Anfahrt<\/h2>\n\n\n\n<p>Das Abenteuerland Hochrhein in Lauchringen liegt neben dem Spielplatz mit Skaterplatz und Fu\u00dfballfeld, gegen\u00fcber dem Freibad und dem Fu\u00dfballplatz. Es liegt in der Natur, nahe am Wald und an der Wutach.<\/p>\n\n\n\t\t\t<div \n\t\t\tclass=\"wp-block-uagb-google-map uagb-google-map__wrap uagb-block-b324db68     \"\n\t\t\tstyle=\"\" >\n\t\t\t\t<embed\n\t\t\t\t\tclass=\"uagb-google-map__iframe\"\n\t\t\t\t\ttitle=\"Google Map for \"\n\t\t\t\t\tsrc=\"https:\/\/maps.google.com\/maps?q=Abenteuerland%20Hochrhein&#038;z=13&#038;hl=de&#038;t=m&#038;output=embed&#038;iwloc=near\"\n\t\t\t\t\twidth=\"640\"\n\t\t\t\t\theight=\"300\"\n\t\t\t\t\tloading=\"lazy\"\n\t\t\t\t><\/embed>\n\t\t\t<\/div>\n\t\t\t\n\n\n<hr class=\"wp-block-separator has-css-opacity\"\/>\n\n\n\n<h2 class=\"wp-block-heading\">Kontakt<\/h2>\n\n\n\n<p>Ihr habt weitere Fragen zum Projekt? Ihr m\u00f6chtet uns unterst\u00fctzen?&nbsp;Wir freuen uns \u00fcber eure E-Mail!<\/p>\n\n\n\n<div class=\"wp-block-contact-form-7-contact-form-selector\">\n<div class=\"wpcf7 no-js\" id=\"wpcf7-f62-o1\" lang=\"de-DE\" dir=\"ltr\" data-wpcf7-id=\"62\">\n<div class=\"screen-reader-response\"><p role=\"status\" aria-live=\"polite\" aria-atomic=\"true\"><\/p> <ul><\/ul><\/div>\n<form action=\"\/abenteuerland\/wp-json\/wp\/v2\/pages\/2#wpcf7-f62-o1\" method=\"post\" class=\"wpcf7-form init\" aria-label=\"Kontaktformular\" novalidate=\"novalidate\" data-status=\"init\">\n<div style=\"display: none;\">\n<input type=\"hidden\" name=\"_wpcf7\" value=\"62\" \/>\n<input type=\"hidden\" name=\"_wpcf7_version\" value=\"6.0\" \/>\n<input type=\"hidden\" name=\"_wpcf7_locale\" value=\"de_DE\" \/>\n<input type=\"hidden\" name=\"_wpcf7_unit_tag\" value=\"wpcf7-f62-o1\" \/>\n<input type=\"hidden\" name=\"_wpcf7_container_post\" value=\"0\" \/>\n<input type=\"hidden\" name=\"_wpcf7_posted_data_hash\" value=\"\" \/>\n<input type=\"hidden\" name=\"_wpcf7_recaptcha_response\" value=\"\" \/>\n<\/div>\n<p>Name\n<\/p>\n<p><span class=\"wpcf7-form-control-wrap\" data-name=\"your-name\"><input size=\"40\" maxlength=\"400\" class=\"wpcf7-form-control wpcf7-text\" aria-invalid=\"false\" value=\"\" type=\"text\" name=\"your-name\" \/><\/span>\n<\/p>\n<p>E-Mail-Adresse (Pflichtfeld)\n<\/p>\n<p><span class=\"wpcf7-form-control-wrap\" data-name=\"your-email\"><input size=\"40\" maxlength=\"400\" class=\"wpcf7-form-control wpcf7-email wpcf7-validates-as-required wpcf7-text wpcf7-validates-as-email\" aria-required=\"true\" aria-invalid=\"false\" value=\"\" type=\"email\" name=\"your-email\" \/><\/span>\n<\/p>\n<p>Betreff\n<\/p>\n<p><span class=\"wpcf7-form-control-wrap\" data-name=\"your-subject\"><input size=\"40\" maxlength=\"400\" class=\"wpcf7-form-control wpcf7-text\" aria-invalid=\"false\" value=\"\" type=\"text\" name=\"your-subject\" \/><\/span>\n<\/p>\n<p>Nachricht (Pflichtfeld)\n<\/p>\n<p><span class=\"wpcf7-form-control-wrap\" data-name=\"your-message\"><textarea cols=\"40\" rows=\"10\" maxlength=\"2000\" class=\"wpcf7-form-control wpcf7-textarea wpcf7-validates-as-required\" aria-required=\"true\" aria-invalid=\"false\" name=\"your-message\"><\/textarea><\/span>\n<\/p>\n<p><input class=\"wpcf7-form-control wpcf7-submit has-spinner\" type=\"submit\" value=\"Senden\" \/>\n<\/p><p style=\"display: none !important;\" class=\"akismet-fields-container\" data-prefix=\"_wpcf7_ak_\"><label>&#916;<textarea name=\"_wpcf7_ak_hp_textarea\" cols=\"45\" rows=\"8\" maxlength=\"100\"><\/textarea><\/label><input type=\"hidden\" id=\"ak_js_1\" name=\"_wpcf7_ak_js\" value=\"140\"\/><script>document.getElementById( \"ak_js_1\" ).setAttribute( \"value\", ( new Date() ).getTime() );<\/script><\/p><div class=\"wpcf7-response-output\" aria-hidden=\"true\"><\/div>\n<\/form>\n<\/div>\n<\/div>\n","protected":false},"excerpt":{"rendered":"<p>Anfahrt Das Abenteuerland Hochrhein in Lauchringen liegt neben dem Spielplatz mit Skaterplatz und Fu\u00dfballfeld, gegen\u00fcber dem Freibad und dem Fu\u00dfballplatz. Es liegt in der Natur, nahe am Wald und an der Wutach. Kontakt Ihr habt weitere Fragen zum Projekt? Ihr m\u00f6chtet uns unterst\u00fctzen?&nbsp;Wir freuen uns \u00fcber eure E-Mail!<\/p>\n","protected":false},"author":1,"featured_media":268,"parent":0,"menu_order":8,"comment_status":"closed","ping_status":"closed","template":"","meta":{"_uag_custom_page_level_css":"","ocean_post_layout":"","ocean_both_sidebars_style":"","ocean_both_sidebars_content_width":0,"ocean_both_sidebars_sidebars_width":0,"ocean_sidebar":"0","ocean_second_sidebar":"0","ocean_disable_margins":"enable","ocean_add_body_class":"","ocean_shortcode_before_top_bar":"","ocean_shortcode_after_top_bar":"","ocean_shortcode_before_header":"","ocean_shortcode_after_header":"","ocean_has_shortcode":"","ocean_shortcode_after_title":"","ocean_shortcode_before_footer_widgets":"","ocean_shortcode_after_footer_widgets":"","ocean_shortcode_before_footer_bottom":"","ocean_shortcode_after_footer_bottom":"","ocean_display_top_bar":"default","ocean_display_header":"default","ocean_header_style":"","ocean_center_header_left_menu":"0","ocean_custom_header_template":"0","ocean_custom_logo":0,"ocean_custom_retina_logo":0,"ocean_custom_logo_max_width":0,"ocean_custom_logo_tablet_max_width":0,"ocean_custom_logo_mobile_max_width":0,"ocean_custom_logo_max_height":0,"ocean_custom_logo_tablet_max_height":0,"ocean_custom_logo_mobile_max_height":0,"ocean_header_custom_menu":"0","ocean_menu_typo_font_family":"0","ocean_menu_typo_font_subset":"","ocean_menu_typo_font_size":0,"ocean_menu_typo_font_size_tablet":0,"ocean_menu_typo_font_size_mobile":0,"ocean_menu_typo_font_size_unit":"px","ocean_menu_typo_font_weight":"","ocean_menu_typo_font_weight_tablet":"","ocean_menu_typo_font_weight_mobile":"","ocean_menu_typo_transform":"","ocean_menu_typo_transform_tablet":"","ocean_menu_typo_transform_mobile":"","ocean_menu_typo_line_height":0,"ocean_menu_typo_line_height_tablet":0,"ocean_menu_typo_line_height_mobile":0,"ocean_menu_typo_line_height_unit":"","ocean_menu_typo_spacing":0,"ocean_menu_typo_spacing_tablet":0,"ocean_menu_typo_spacing_mobile":0,"ocean_menu_typo_spacing_unit":"","ocean_menu_link_color":"","ocean_menu_link_color_hover":"","ocean_menu_link_color_active":"","ocean_menu_link_background":"","ocean_menu_link_hover_background":"","ocean_menu_link_active_background":"","ocean_menu_social_links_bg":"","ocean_menu_social_hover_links_bg":"","ocean_menu_social_links_color":"","ocean_menu_social_hover_links_color":"","ocean_disable_title":"default","ocean_disable_heading":"default","ocean_post_title":"","ocean_post_subheading":"","ocean_post_title_style":"","ocean_post_title_background_color":"","ocean_post_title_background":0,"ocean_post_title_bg_image_position":"","ocean_post_title_bg_image_attachment":"","ocean_post_title_bg_image_repeat":"","ocean_post_title_bg_image_size":"","ocean_post_title_height":0,"ocean_post_title_bg_overlay":0.5,"ocean_post_title_bg_overlay_color":"","ocean_disable_breadcrumbs":"default","ocean_breadcrumbs_color":"","ocean_breadcrumbs_separator_color":"","ocean_breadcrumbs_links_color":"","ocean_breadcrumbs_links_hover_color":"","ocean_display_footer_widgets":"default","ocean_display_footer_bottom":"default","ocean_custom_footer_template":"0","footnotes":""},"class_list":["post-2","page","type-page","status-publish","has-post-thumbnail","hentry","entry","has-media"],"yoast_head":"<!-- This site is optimized with the Yoast SEO plugin v23.9 - https:\/\/yoast.com\/wordpress\/plugins\/seo\/ -->\n<title>Kontakt &amp; Anfahrt &#8211; Abenteuerland Hochrhein in Lauchringen<\/title>\n<meta name=\"description\" content=\"Informationen zu Anfahrt und Kontaktm\u00f6glichkeiten des Abenteuerland Hochrhein in Lauchringen.\" \/>\n<meta name=\"robots\" content=\"index, follow, max-snippet:-1, max-image-preview:large, max-video-preview:-1\" \/>\n<link rel=\"canonical\" href=\"https:\/\/faz-hochrhein.de\/abenteuerland\/kontakt-anfahrt\/\" \/>\n<meta property=\"og:locale\" content=\"de_DE\" \/>\n<meta property=\"og:type\" content=\"article\" \/>\n<meta property=\"og:title\" content=\"Kontakt &amp; Anfahrt &#8211; Abenteuerland Hochrhein in Lauchringen\" \/>\n<meta property=\"og:description\" content=\"Informationen zu Anfahrt und Kontaktm\u00f6glichkeiten des Abenteuerland Hochrhein in Lauchringen.\" \/>\n<meta property=\"og:url\" content=\"https:\/\/faz-hochrhein.de\/abenteuerland\/kontakt-anfahrt\/\" \/>\n<meta property=\"og:site_name\" content=\"Abenteuerland Hochrhein in Lauchringen\" \/>\n<meta property=\"article:publisher\" content=\"https:\/\/www.facebook.com\/FamilienzentrumHochrhein\/\" \/>\n<meta property=\"article:modified_time\" content=\"2024-10-19T14:32:08+00:00\" \/>\n<meta property=\"og:image\" content=\"https:\/\/faz-hochrhein.de\/abenteuerland\/wp-content\/uploads\/2016\/02\/Anfahrt-Abenteuerland.png\" \/>\n\t<meta property=\"og:image:width\" content=\"635\" \/>\n\t<meta property=\"og:image:height\" content=\"281\" \/>\n\t<meta property=\"og:image:type\" content=\"image\/png\" \/>\n<meta name=\"twitter:card\" content=\"summary_large_image\" \/>\n<meta name=\"twitter:label1\" content=\"Gesch\u00e4tzte Lesezeit\" \/>\n\t<meta name=\"twitter:data1\" content=\"1\u00a0Minute\" \/>\n<script type=\"application\/ld+json\" class=\"yoast-schema-graph\">{\"@context\":\"https:\/\/schema.org\",\"@graph\":[{\"@type\":\"WebPage\",\"@id\":\"https:\/\/faz-hochrhein.de\/abenteuerland\/kontakt-anfahrt\/\",\"url\":\"https:\/\/faz-hochrhein.de\/abenteuerland\/kontakt-anfahrt\/\",\"name\":\"Kontakt & Anfahrt &#8211; Abenteuerland Hochrhein in Lauchringen\",\"isPartOf\":{\"@id\":\"https:\/\/faz-hochrhein.de\/abenteuerland\/#website\"},\"primaryImageOfPage\":{\"@id\":\"https:\/\/faz-hochrhein.de\/abenteuerland\/kontakt-anfahrt\/#primaryimage\"},\"image\":{\"@id\":\"https:\/\/faz-hochrhein.de\/abenteuerland\/kontakt-anfahrt\/#primaryimage\"},\"thumbnailUrl\":\"https:\/\/faz-hochrhein.de\/abenteuerland\/wp-content\/uploads\/2016\/02\/Anfahrt-Abenteuerland.png\",\"datePublished\":\"2016-02-27T18:49:49+00:00\",\"dateModified\":\"2024-10-19T14:32:08+00:00\",\"description\":\"Informationen zu Anfahrt und Kontaktm\u00f6glichkeiten des Abenteuerland Hochrhein in Lauchringen.\",\"breadcrumb\":{\"@id\":\"https:\/\/faz-hochrhein.de\/abenteuerland\/kontakt-anfahrt\/#breadcrumb\"},\"inLanguage\":\"de\",\"potentialAction\":[{\"@type\":\"ReadAction\",\"target\":[\"https:\/\/faz-hochrhein.de\/abenteuerland\/kontakt-anfahrt\/\"]}]},{\"@type\":\"ImageObject\",\"inLanguage\":\"de\",\"@id\":\"https:\/\/faz-hochrhein.de\/abenteuerland\/kontakt-anfahrt\/#primaryimage\",\"url\":\"https:\/\/faz-hochrhein.de\/abenteuerland\/wp-content\/uploads\/2016\/02\/Anfahrt-Abenteuerland.png\",\"contentUrl\":\"https:\/\/faz-hochrhein.de\/abenteuerland\/wp-content\/uploads\/2016\/02\/Anfahrt-Abenteuerland.png\",\"width\":635,\"height\":281,\"caption\":\"Anfahrt Abenteuerland\"},{\"@type\":\"BreadcrumbList\",\"@id\":\"https:\/\/faz-hochrhein.de\/abenteuerland\/kontakt-anfahrt\/#breadcrumb\",\"itemListElement\":[{\"@type\":\"ListItem\",\"position\":1,\"name\":\"Home\",\"item\":\"https:\/\/faz-hochrhein.de\/abenteuerland\/\"},{\"@type\":\"ListItem\",\"position\":2,\"name\":\"Kontakt &#038; Anfahrt\"}]},{\"@type\":\"WebSite\",\"@id\":\"https:\/\/faz-hochrhein.de\/abenteuerland\/#website\",\"url\":\"https:\/\/faz-hochrhein.de\/abenteuerland\/\",\"name\":\"Abenteuerland Hochrhein in Lauchringen\",\"description\":\"Freie Entfaltung f\u00fcr Kinder &amp; Jugendliche\",\"publisher\":{\"@id\":\"https:\/\/faz-hochrhein.de\/abenteuerland\/#organization\"},\"potentialAction\":[{\"@type\":\"SearchAction\",\"target\":{\"@type\":\"EntryPoint\",\"urlTemplate\":\"https:\/\/faz-hochrhein.de\/abenteuerland\/?s={search_term_string}\"},\"query-input\":{\"@type\":\"PropertyValueSpecification\",\"valueRequired\":true,\"valueName\":\"search_term_string\"}}],\"inLanguage\":\"de\"},{\"@type\":\"Organization\",\"@id\":\"https:\/\/faz-hochrhein.de\/abenteuerland\/#organization\",\"name\":\"Familienzentrum Hochrhein\",\"url\":\"https:\/\/faz-hochrhein.de\/abenteuerland\/\",\"logo\":{\"@type\":\"ImageObject\",\"inLanguage\":\"de\",\"@id\":\"https:\/\/faz-hochrhein.de\/abenteuerland\/#\/schema\/logo\/image\/\",\"url\":\"https:\/\/faz-hochrhein.de\/abenteuerland\/wp-content\/uploads\/2016\/03\/Logo-Abenteuerland-Website.png\",\"contentUrl\":\"https:\/\/faz-hochrhein.de\/abenteuerland\/wp-content\/uploads\/2016\/03\/Logo-Abenteuerland-Website.png\",\"width\":478,\"height\":150,\"caption\":\"Familienzentrum Hochrhein\"},\"image\":{\"@id\":\"https:\/\/faz-hochrhein.de\/abenteuerland\/#\/schema\/logo\/image\/\"},\"sameAs\":[\"https:\/\/www.facebook.com\/FamilienzentrumHochrhein\/\"]}]}<\/script>\n<!-- \/ Yoast SEO plugin. -->","yoast_head_json":{"title":"Kontakt & Anfahrt &#8211; Abenteuerland Hochrhein in Lauchringen","description":"Informationen zu Anfahrt und Kontaktm\u00f6glichkeiten des Abenteuerland Hochrhein in Lauchringen.","robots":{"index":"index","follow":"follow","max-snippet":"max-snippet:-1","max-image-preview":"max-image-preview:large","max-video-preview":"max-video-preview:-1"},"canonical":"https:\/\/faz-hochrhein.de\/abenteuerland\/kontakt-anfahrt\/","og_locale":"de_DE","og_type":"article","og_title":"Kontakt & Anfahrt &#8211; Abenteuerland Hochrhein in Lauchringen","og_description":"Informationen zu Anfahrt und Kontaktm\u00f6glichkeiten des Abenteuerland Hochrhein in Lauchringen.","og_url":"https:\/\/faz-hochrhein.de\/abenteuerland\/kontakt-anfahrt\/","og_site_name":"Abenteuerland Hochrhein in Lauchringen","article_publisher":"https:\/\/www.facebook.com\/FamilienzentrumHochrhein\/","article_modified_time":"2024-10-19T14:32:08+00:00","og_image":[{"width":635,"height":281,"url":"https:\/\/faz-hochrhein.de\/abenteuerland\/wp-content\/uploads\/2016\/02\/Anfahrt-Abenteuerland.png","type":"image\/png"}],"twitter_card":"summary_large_image","twitter_misc":{"Gesch\u00e4tzte Lesezeit":"1\u00a0Minute"},"schema":{"@context":"https:\/\/schema.org","@graph":[{"@type":"WebPage","@id":"https:\/\/faz-hochrhein.de\/abenteuerland\/kontakt-anfahrt\/","url":"https:\/\/faz-hochrhein.de\/abenteuerland\/kontakt-anfahrt\/","name":"Kontakt & Anfahrt &#8211; Abenteuerland Hochrhein in Lauchringen","isPartOf":{"@id":"https:\/\/faz-hochrhein.de\/abenteuerland\/#website"},"primaryImageOfPage":{"@id":"https:\/\/faz-hochrhein.de\/abenteuerland\/kontakt-anfahrt\/#primaryimage"},"image":{"@id":"https:\/\/faz-hochrhein.de\/abenteuerland\/kontakt-anfahrt\/#primaryimage"},"thumbnailUrl":"https:\/\/faz-hochrhein.de\/abenteuerland\/wp-content\/uploads\/2016\/02\/Anfahrt-Abenteuerland.png","datePublished":"2016-02-27T18:49:49+00:00","dateModified":"2024-10-19T14:32:08+00:00","description":"Informationen zu Anfahrt und Kontaktm\u00f6glichkeiten des Abenteuerland Hochrhein in Lauchringen.","breadcrumb":{"@id":"https:\/\/faz-hochrhein.de\/abenteuerland\/kontakt-anfahrt\/#breadcrumb"},"inLanguage":"de","potentialAction":[{"@type":"ReadAction","target":["https:\/\/faz-hochrhein.de\/abenteuerland\/kontakt-anfahrt\/"]}]},{"@type":"ImageObject","inLanguage":"de","@id":"https:\/\/faz-hochrhein.de\/abenteuerland\/kontakt-anfahrt\/#primaryimage","url":"https:\/\/faz-hochrhein.de\/abenteuerland\/wp-content\/uploads\/2016\/02\/Anfahrt-Abenteuerland.png","contentUrl":"https:\/\/faz-hochrhein.de\/abenteuerland\/wp-content\/uploads\/2016\/02\/Anfahrt-Abenteuerland.png","width":635,"height":281,"caption":"Anfahrt Abenteuerland"},{"@type":"BreadcrumbList","@id":"https:\/\/faz-hochrhein.de\/abenteuerland\/kontakt-anfahrt\/#breadcrumb","itemListElement":[{"@type":"ListItem","position":1,"name":"Home","item":"https:\/\/faz-hochrhein.de\/abenteuerland\/"},{"@type":"ListItem","position":2,"name":"Kontakt &#038; Anfahrt"}]},{"@type":"WebSite","@id":"https:\/\/faz-hochrhein.de\/abenteuerland\/#website","url":"https:\/\/faz-hochrhein.de\/abenteuerland\/","name":"Abenteuerland Hochrhein in Lauchringen","description":"Freie Entfaltung f\u00fcr Kinder &amp; Jugendliche","publisher":{"@id":"https:\/\/faz-hochrhein.de\/abenteuerland\/#organization"},"potentialAction":[{"@type":"SearchAction","target":{"@type":"EntryPoint","urlTemplate":"https:\/\/faz-hochrhein.de\/abenteuerland\/?s={search_term_string}"},"query-input":{"@type":"PropertyValueSpecification","valueRequired":true,"valueName":"search_term_string"}}],"inLanguage":"de"},{"@type":"Organization","@id":"https:\/\/faz-hochrhein.de\/abenteuerland\/#organization","name":"Familienzentrum Hochrhein","url":"https:\/\/faz-hochrhein.de\/abenteuerland\/","logo":{"@type":"ImageObject","inLanguage":"de","@id":"https:\/\/faz-hochrhein.de\/abenteuerland\/#\/schema\/logo\/image\/","url":"https:\/\/faz-hochrhein.de\/abenteuerland\/wp-content\/uploads\/2016\/03\/Logo-Abenteuerland-Website.png","contentUrl":"https:\/\/faz-hochrhein.de\/abenteuerland\/wp-content\/uploads\/2016\/03\/Logo-Abenteuerland-Website.png","width":478,"height":150,"caption":"Familienzentrum Hochrhein"},"image":{"@id":"https:\/\/faz-hochrhein.de\/abenteuerland\/#\/schema\/logo\/image\/"},"sameAs":["https:\/\/www.facebook.com\/FamilienzentrumHochrhein\/"]}]}},"jetpack_sharing_enabled":true,"uagb_featured_image_src":{"full":["https:\/\/faz-hochrhein.de\/abenteuerland\/wp-content\/uploads\/2016\/02\/Anfahrt-Abenteuerland.png",635,281,false],"thumbnail":["https:\/\/faz-hochrhein.de\/abenteuerland\/wp-content\/uploads\/2016\/02\/Anfahrt-Abenteuerland-150x150.png",150,150,true],"medium":["https:\/\/faz-hochrhein.de\/abenteuerland\/wp-content\/uploads\/2016\/02\/Anfahrt-Abenteuerland-300x132.png",300,132,true],"medium_large":["https:\/\/faz-hochrhein.de\/abenteuerland\/wp-content\/uploads\/2016\/02\/Anfahrt-Abenteuerland.png",635,281,false],"large":["https:\/\/faz-hochrhein.de\/abenteuerland\/wp-content\/uploads\/2016\/02\/Anfahrt-Abenteuerland.png",635,281,false],"1536x1536":["https:\/\/faz-hochrhein.de\/abenteuerland\/wp-content\/uploads\/2016\/02\/Anfahrt-Abenteuerland.png",635,281,false],"2048x2048":["https:\/\/faz-hochrhein.de\/abenteuerland\/wp-content\/uploads\/2016\/02\/Anfahrt-Abenteuerland.png",635,281,false],"ocean-thumb-m":["https:\/\/faz-hochrhein.de\/abenteuerland\/wp-content\/uploads\/2016\/02\/Anfahrt-Abenteuerland.png",600,266,false],"ocean-thumb-ml":["https:\/\/faz-hochrhein.de\/abenteuerland\/wp-content\/uploads\/2016\/02\/Anfahrt-Abenteuerland.png",635,281,false],"ocean-thumb-l":["https:\/\/faz-hochrhein.de\/abenteuerland\/wp-content\/uploads\/2016\/02\/Anfahrt-Abenteuerland.png",635,281,false],"wcicon":["https:\/\/faz-hochrhein.de\/abenteuerland\/wp-content\/uploads\/2016\/02\/Anfahrt-Abenteuerland.png",48,21,false],"wcsquare":["https:\/\/faz-hochrhein.de\/abenteuerland\/wp-content\/uploads\/2016\/02\/Anfahrt-Abenteuerland.png",300,133,false],"wcsmall":["https:\/\/faz-hochrhein.de\/abenteuerland\/wp-content\/uploads\/2016\/02\/Anfahrt-Abenteuerland.png",250,111,false],"wcstandard":["https:\/\/faz-hochrhein.de\/abenteuerland\/wp-content\/uploads\/2016\/02\/Anfahrt-Abenteuerland.png",550,243,false],"wcbig":["https:\/\/faz-hochrhein.de\/abenteuerland\/wp-content\/uploads\/2016\/02\/Anfahrt-Abenteuerland.png",635,281,false],"wcfixedheightsmall":["https:\/\/faz-hochrhein.de\/abenteuerland\/wp-content\/uploads\/2016\/02\/Anfahrt-Abenteuerland.png",407,180,false],"wcfixedheightmedium":["https:\/\/faz-hochrhein.de\/abenteuerland\/wp-content\/uploads\/2016\/02\/Anfahrt-Abenteuerland.png",635,281,false],"wcfixedheight":["https:\/\/faz-hochrhein.de\/abenteuerland\/wp-content\/uploads\/2016\/02\/Anfahrt-Abenteuerland.png",635,281,false],"wccarouselsmall":["https:\/\/faz-hochrhein.de\/abenteuerland\/wp-content\/uploads\/2016\/02\/Anfahrt-Abenteuerland.png",210,93,false],"wccarousel":["https:\/\/faz-hochrhein.de\/abenteuerland\/wp-content\/uploads\/2016\/02\/Anfahrt-Abenteuerland.png",400,177,false],"wcslider":["https:\/\/faz-hochrhein.de\/abenteuerland\/wp-content\/uploads\/2016\/02\/Anfahrt-Abenteuerland.png",635,281,false]},"uagb_author_info":{"display_name":"Abenteuerland Hochrhein","author_link":"https:\/\/faz-hochrhein.de\/abenteuerland\/author\/abenteuerland_admin\/"},"uagb_comment_info":0,"uagb_excerpt":"Anfahrt Das Abenteuerland Hochrhein in Lauchringen liegt neben dem Spielplatz mit Skaterplatz und Fu\u00dfballfeld, gegen\u00fcber dem Freibad und dem Fu\u00dfballplatz. Es liegt in der Natur, nahe am Wald und an der Wutach. Kontakt Ihr habt weitere Fragen zum Projekt? Ihr m\u00f6chtet uns unterst\u00fctzen?&nbsp;Wir freuen uns \u00fcber eure E-Mail!","_links":{"self":[{"href":"https:\/\/faz-hochrhein.de\/abenteuerland\/wp-json\/wp\/v2\/pages\/2","targetHints":{"allow":["GET"]}}],"collection":[{"href":"https:\/\/faz-hochrhein.de\/abenteuerland\/wp-json\/wp\/v2\/pages"}],"about":[{"href":"https:\/\/faz-hochrhein.de\/abenteuerland\/wp-json\/wp\/v2\/types\/page"}],"author":[{"embeddable":true,"href":"https:\/\/faz-hochrhein.de\/abenteuerland\/wp-json\/wp\/v2\/users\/1"}],"replies":[{"embeddable":true,"href":"https:\/\/faz-hochrhein.de\/abenteuerland\/wp-json\/wp\/v2\/comments?post=2"}],"version-history":[{"count":30,"href":"https:\/\/faz-hochrhein.de\/abenteuerland\/wp-json\/wp\/v2\/pages\/2\/revisions"}],"predecessor-version":[{"id":3440,"href":"https:\/\/faz-hochrhein.de\/abenteuerland\/wp-json\/wp\/v2\/pages\/2\/revisions\/3440"}],"wp:featuredmedia":[{"embeddable":true,"href":"https:\/\/faz-hochrhein.de\/abenteuerland\/wp-json\/wp\/v2\/media\/268"}],"wp:attachment":[{"href":"https:\/\/faz-hochrhein.de\/abenteuerland\/wp-json\/wp\/v2\/media?parent=2"}],"curies":[{"name":"wp","href":"https:\/\/api.w.org\/{rel}","templated":true}]}}