{"id":10,"date":"2016-02-27T20:10:42","date_gmt":"2016-02-27T19:10:42","guid":{"rendered":"http:\/\/faz-hochrhein.de\/abenteuerland\/?page_id=10"},"modified":"2021-01-19T20:49:23","modified_gmt":"2021-01-19T19:49:23","slug":"ueber-uns","status":"publish","type":"page","link":"https:\/\/faz-hochrhein.de\/abenteuerland\/ueber-uns\/","title":{"rendered":"Das Abenteuerland"},"content":{"rendered":"\n<figure class=\"wp-block-image size-large\"><a href=\"https:\/\/faz-hochrhein.de\/abenteuerland\/wp-content\/uploads\/2019\/07\/Panorama-Bu\u0308hne.jpg\"><img loading=\"lazy\" decoding=\"async\" width=\"1024\" height=\"264\" src=\"https:\/\/faz-hochrhein.de\/abenteuerland\/wp-content\/uploads\/2019\/07\/Panorama-Bu\u0308hne-1024x264.jpg\" alt=\"Familientag 2019\" class=\"wp-image-2107\" srcset=\"https:\/\/faz-hochrhein.de\/abenteuerland\/wp-content\/uploads\/2019\/07\/Panorama-Bu\u0308hne-1024x264.jpg 1024w, https:\/\/faz-hochrhein.de\/abenteuerland\/wp-content\/uploads\/2019\/07\/Panorama-Bu\u0308hne-300x77.jpg 300w, https:\/\/faz-hochrhein.de\/abenteuerland\/wp-content\/uploads\/2019\/07\/Panorama-Bu\u0308hne-250x64.jpg 250w, https:\/\/faz-hochrhein.de\/abenteuerland\/wp-content\/uploads\/2019\/07\/Panorama-Bu\u0308hne-550x142.jpg 550w, https:\/\/faz-hochrhein.de\/abenteuerland\/wp-content\/uploads\/2019\/07\/Panorama-Bu\u0308hne-800x206.jpg 800w, https:\/\/faz-hochrhein.de\/abenteuerland\/wp-content\/uploads\/2019\/07\/Panorama-Bu\u0308hne-696x180.jpg 696w, https:\/\/faz-hochrhein.de\/abenteuerland\/wp-content\/uploads\/2019\/07\/Panorama-Bu\u0308hne-1160x300.jpg 1160w, https:\/\/faz-hochrhein.de\/abenteuerland\/wp-content\/uploads\/2019\/07\/Panorama-Bu\u0308hne-1934x500.jpg 1934w\" sizes=\"auto, (max-width: 1024px) 100vw, 1024px\" \/><\/a><\/figure>\n\n\n\n<p>Stellt euch einen Ort vor, wo sich behinderte und nicht-behinderte Kinder und Jugendliche unter p\u00e4dagogischer Anleitung treffen, spielen und entwickeln k\u00f6nnen &#8211; v\u00f6llig ungezwungen und frei. Und dies nicht nur bei sch\u00f6nem Wetter, sondern das ganze Jahr, auch in unserer Spiel- und Erlebnisscheune.<\/p>\n\n\n\n<p>Das Abenteuerland bietet Kindern und Jugendlichen die M\u00f6glichkeit, sich frei und unbezwungen in naturnaher Umgebung entfalten zu k\u00f6nnen; hier k\u00f6nnen sie ihr Bewegungsbed\u00fcrfnis, ihren Erlebnishunger und ihre Neugierde ausleben.<\/p>\n\n\n\n<blockquote class=\"wp-block-quote is-layout-flow wp-block-quote-is-layout-flow\"><p>Kinder brauchen solche Pl\u00e4tze, auf denen sie selber etwas tun: eigene Ideen verwirklichen, H\u00fctten bauen, an einem Lagerfeuer sitzen. Das \u201eAbenteuerland\u201c m\u00f6chte den Kindern einen solchen Raum zum Ausleben ihrer Phantasie erm\u00f6glichen.<\/p><\/blockquote>\n\n\n\n<h2 class=\"wp-block-heading\">Unsere Aktivit\u00e4ten im Abenteuerland<\/h2>\n\n\n\n<div class=\"wp-block-image\"><figure class=\"alignright size-medium is-resized\"><a href=\"https:\/\/faz-hochrhein.de\/abenteuerland\/wp-content\/uploads\/2020\/12\/U\u0308bersichtskarte-Abenteuerland.png\"><img loading=\"lazy\" decoding=\"async\" src=\"https:\/\/faz-hochrhein.de\/abenteuerland\/wp-content\/uploads\/2020\/12\/U\u0308bersichtskarte-Abenteuerland-300x300.png\" alt=\"U\u0308bersichtskarte Abenteuerland\" class=\"wp-image-3091\" width=\"400\" height=\"400\" srcset=\"https:\/\/faz-hochrhein.de\/abenteuerland\/wp-content\/uploads\/2020\/12\/U\u0308bersichtskarte-Abenteuerland-300x300.png 300w, https:\/\/faz-hochrhein.de\/abenteuerland\/wp-content\/uploads\/2020\/12\/U\u0308bersichtskarte-Abenteuerland-200x200.png 200w, https:\/\/faz-hochrhein.de\/abenteuerland\/wp-content\/uploads\/2020\/12\/U\u0308bersichtskarte-Abenteuerland-48x48.png 48w, https:\/\/faz-hochrhein.de\/abenteuerland\/wp-content\/uploads\/2020\/12\/U\u0308bersichtskarte-Abenteuerland-250x250.png 250w, https:\/\/faz-hochrhein.de\/abenteuerland\/wp-content\/uploads\/2020\/12\/U\u0308bersichtskarte-Abenteuerland-550x550.png 550w, https:\/\/faz-hochrhein.de\/abenteuerland\/wp-content\/uploads\/2020\/12\/U\u0308bersichtskarte-Abenteuerland-180x180.png 180w, https:\/\/faz-hochrhein.de\/abenteuerland\/wp-content\/uploads\/2020\/12\/U\u0308bersichtskarte-Abenteuerland-500x500.png 500w, https:\/\/faz-hochrhein.de\/abenteuerland\/wp-content\/uploads\/2020\/12\/U\u0308bersichtskarte-Abenteuerland.png 800w\" sizes=\"auto, (max-width: 400px) 100vw, 400px\" \/><\/a><figcaption>Mit dieser \u00dcbersicht wollen wir dir eine Orientierung geben, wo du was im Abenteuerland finden kannst.<\/figcaption><\/figure><\/div>\n\n\n\n<ul class=\"wp-block-list\"><li>H\u00fcttenbau<\/li><li>Arbeiten in der Werkstatt<\/li><li>Musisch-kulturelle Aktivit\u00e4ten (Theater, Tanzgruppe, Band, Filmdrehen)<\/li><li>Sport (nicht Leistung, sondern gemeinsamer Spa\u00df steht im Vordergrund)<\/li><li>Naturbeobachtung\/Naturerleben<\/li><li>Kochen und Backen, Malen, Basteln und \u201eHand\u201carbeiten<\/li><li>Projekte (Ausfl\u00fcge, Feste, Basare, \u00dcbernachtungen, Discos, Umweltaktionen)<\/li><\/ul>\n\n\n\n<p>Im offenen p\u00e4dagogisch betreuten Bereich ist der Besuch kostenfrei, Kinder unter 6 Jahren ben\u00f6tigen eine verantwortliche Begleitung. Eine Anmeldung ist nicht erforderlich, jeder entscheidet selbst, wann, wie oft und wie lange man das Abenteuerland besuchen m\u00f6chte.<\/p>\n\n\n\n<h2 class=\"wp-block-heading\">Das Konzept<\/h2>\n\n\n\n<h3 class=\"wp-block-heading\">Wer wir sind und was wir erreichen wollen<\/h3>\n\n\n\n<p>Wir sind im Bereich der offenen Kinder- und Jugendarbeit sowie in der Jugendhilfe f\u00fcr den Landkreis Waldshut t\u00e4tig. Das offene Angebot ist kostenlos, denn es ist Teil der offenen Kinder- und Jugendarbeit nach \u00a7 11, SGB VIII (KJHG) und muss deshalb kostenfrei zur Verf\u00fcgung stehen. Wir arbeiten integrativ und mit allen Generationen und legen gro\u00dfen Wert auf Kooperationen.<\/p>\n\n\n\n<h3 class=\"wp-block-heading\">Das \u201eAbenteuerland\u201c will: zusammen wachsen und zusammenwachsen<\/h3>\n\n\n\n<ul class=\"wp-block-list\"><li>Kindern und Jugendlichen den Zugang zur Natur, besonders zu den Tieren erleichtern<\/li><li>Intensives Erleben der Naturkreisl\u00e4ufe erm\u00f6glichen und die Achtung vor der Natur st\u00e4rken<\/li><li>Kinder zum aktiven Umweltschutz anregen und ihnen F\u00e4higkeiten und Fertigkeiten dazu vermitteln<\/li><li>dass Kinder lernen und Spa\u00df daran haben, eigenverantwortlich Aufgaben zu \u00fcbernehmen<\/li><li>Kindern eine M\u00f6glichkeit der aktiven Freizeitgestaltung bieten<\/li><li>handwerkliche F\u00e4higkeiten und Fertigkeiten vermitteln, Geschicklichkeit trainieren<\/li><li>das Sozialverhalten der Kinder durch die Gemeinschaft st\u00e4rken<\/li><li>Integrationsarbeit leisten (Altersgruppen, Behinderungen, Geschlecht, soziale Schichten)<\/li><li>Prim\u00e4rerfahrungen erm\u00f6glichen (Feuer, Erde, Wasser, Luft)<\/li><\/ul>\n\n\n\n<p>Auf einer anregungsreichen Spielfl\u00e4che und angrenzenden Wald-, Weide- und Bachfl\u00e4chen werden Kinder und Jugendliche gemeinsam mit p\u00e4dagogischen Fachkr\u00e4ften aktiv. In der t\u00e4glichen Arbeit werden erlebnis-, freizeit-, umwelt-, kultur- oder waldp\u00e4dagogische Ans\u00e4tze ganzheitlich miteinander verzahnt.<\/p>\n\n\n\n<p>Diese moderne Form der Kinderbetreuung entlastet Familien und erh\u00f6ht die Familienfreundlichkeit der Gemeinde. Elternarbeit ist niederschwellig m\u00f6glich.<\/p>\n\n\n\n<p>Obwohl die Natur vor der Haust\u00fcr ist, verbringen Kinder heutzutage immer weniger Freizeit im Gr\u00fcnen. Viele sch\u00f6pferische Ideen und Kr\u00e4fte bleiben ungenutzt, weil Kinder und Jugendliche h\u00e4ufig passiv Fernsehen und Computer konsumieren, weil sich im Wohnumfeld keine anregenden Freispielr\u00e4ume finden.<\/p>\n\n\n\n<p>Das \u201eAbenteuerland\u201c ist die Antwort auf das Suchen vieler Kinder nach M\u00f6glichkeiten, ihre angestauten Energien in Kreativit\u00e4t und Abenteuerlust in einem nat\u00fcrlichen Umfeld auszuleben. Schulfrust, \u00c4rger mit Eltern oder Mitsch\u00fclern \u2013 im \u201eAbenteuerland\u201c ist ein Aggressionsabbau durch Bewegung und \u201et\u00e4tig sein\u201c m\u00f6glich, aber es ist auch ein Ort zur Entspannung und Beobachtung.<\/p>\n\n\n\n<p>Die Arbeit im \u201eAbenteuerland\u201c soll \u00f6kologischen Leitlinien folgen. So findet fast ausschlie\u00dflich das Naturmaterial Holz Verwendung. Spanplatten und andere chemisch behandelte H\u00f6lzer werden nicht verwendet. Kunststoffe sind nicht erw\u00fcnscht. H\u00fctten werden keinesfalls ganzfl\u00e4chig gestrichen, vielmehr beschr\u00e4nkt sich der Einsatz von Farbe in der Regel auf Schriftz\u00fcge und Hausnummern.<\/p>\n\n\n\n<p>Es hat den Anschein, als w\u00fcrden die Kinder hier unbeaufsichtigt sein, doch das ist nicht der Fall. Die P\u00e4dagogen und ehrenamtlichen Mitarbeiter haben einen Blick auf alles und jedes Kind, ohne dabei st\u00f6rend zu wirken oder das spielerische Tun der Kinder zu beeinflussen.<\/p>\n","protected":false},"excerpt":{"rendered":"<p>Stellt euch einen Ort vor, wo sich behinderte und nicht-behinderte Kinder und Jugendliche unter p\u00e4dagogischer Anleitung treffen, spielen und entwickeln k\u00f6nnen &#8211; v\u00f6llig ungezwungen und frei. Und dies nicht nur bei sch\u00f6nem Wetter, sondern das ganze Jahr, auch in unserer Spiel- und Erlebnisscheune. Das Abenteuerland bietet Kindern und Jugendlichen die M\u00f6glichkeit, sich frei und unbezwungen [&hellip;]<\/p>\n","protected":false},"author":1,"featured_media":196,"parent":0,"menu_order":1,"comment_status":"closed","ping_status":"closed","template":"","meta":{"_uag_custom_page_level_css":"","ocean_post_layout":"","ocean_both_sidebars_style":"","ocean_both_sidebars_content_width":0,"ocean_both_sidebars_sidebars_width":0,"ocean_sidebar":"0","ocean_second_sidebar":"0","ocean_disable_margins":"enable","ocean_add_body_class":"","ocean_shortcode_before_top_bar":"","ocean_shortcode_after_top_bar":"","ocean_shortcode_before_header":"","ocean_shortcode_after_header":"","ocean_has_shortcode":"","ocean_shortcode_after_title":"","ocean_shortcode_before_footer_widgets":"","ocean_shortcode_after_footer_widgets":"","ocean_shortcode_before_footer_bottom":"","ocean_shortcode_after_footer_bottom":"","ocean_display_top_bar":"default","ocean_display_header":"default","ocean_header_style":"","ocean_center_header_left_menu":"0","ocean_custom_header_template":"0","ocean_custom_logo":0,"ocean_custom_retina_logo":0,"ocean_custom_logo_max_width":0,"ocean_custom_logo_tablet_max_width":0,"ocean_custom_logo_mobile_max_width":0,"ocean_custom_logo_max_height":0,"ocean_custom_logo_tablet_max_height":0,"ocean_custom_logo_mobile_max_height":0,"ocean_header_custom_menu":"0","ocean_menu_typo_font_family":"0","ocean_menu_typo_font_subset":"","ocean_menu_typo_font_size":0,"ocean_menu_typo_font_size_tablet":0,"ocean_menu_typo_font_size_mobile":0,"ocean_menu_typo_font_size_unit":"px","ocean_menu_typo_font_weight":"","ocean_menu_typo_font_weight_tablet":"","ocean_menu_typo_font_weight_mobile":"","ocean_menu_typo_transform":"","ocean_menu_typo_transform_tablet":"","ocean_menu_typo_transform_mobile":"","ocean_menu_typo_line_height":0,"ocean_menu_typo_line_height_tablet":0,"ocean_menu_typo_line_height_mobile":0,"ocean_menu_typo_line_height_unit":"","ocean_menu_typo_spacing":0,"ocean_menu_typo_spacing_tablet":0,"ocean_menu_typo_spacing_mobile":0,"ocean_menu_typo_spacing_unit":"","ocean_menu_link_color":"","ocean_menu_link_color_hover":"","ocean_menu_link_color_active":"","ocean_menu_link_background":"","ocean_menu_link_hover_background":"","ocean_menu_link_active_background":"","ocean_menu_social_links_bg":"","ocean_menu_social_hover_links_bg":"","ocean_menu_social_links_color":"","ocean_menu_social_hover_links_color":"","ocean_disable_title":"default","ocean_disable_heading":"default","ocean_post_title":"","ocean_post_subheading":"","ocean_post_title_style":"","ocean_post_title_background_color":"","ocean_post_title_background":0,"ocean_post_title_bg_image_position":"","ocean_post_title_bg_image_attachment":"","ocean_post_title_bg_image_repeat":"","ocean_post_title_bg_image_size":"","ocean_post_title_height":0,"ocean_post_title_bg_overlay":0.5,"ocean_post_title_bg_overlay_color":"","ocean_disable_breadcrumbs":"default","ocean_breadcrumbs_color":"","ocean_breadcrumbs_separator_color":"","ocean_breadcrumbs_links_color":"","ocean_breadcrumbs_links_hover_color":"","ocean_display_footer_widgets":"default","ocean_display_footer_bottom":"default","ocean_custom_footer_template":"0","footnotes":""},"class_list":["post-10","page","type-page","status-publish","has-post-thumbnail","hentry","entry","has-media"],"yoast_head":"<!-- This site is optimized with the Yoast SEO plugin v23.9 - https:\/\/yoast.com\/wordpress\/plugins\/seo\/ -->\n<title>Das Abenteuerland &#8211; Abenteuerland Hochrhein in Lauchringen<\/title>\n<meta name=\"description\" content=\"Stellen Sie sich einen Platz vor, an dem Kinder und Jugendliche toben, spielen, sich verstecken, klettern, rennen oder sich einfach nur begegnen k\u00f6nnen.\" \/>\n<meta name=\"robots\" content=\"index, follow, max-snippet:-1, max-image-preview:large, max-video-preview:-1\" \/>\n<link rel=\"canonical\" href=\"https:\/\/faz-hochrhein.de\/abenteuerland\/ueber-uns\/\" \/>\n<meta property=\"og:locale\" content=\"de_DE\" \/>\n<meta property=\"og:type\" content=\"article\" \/>\n<meta property=\"og:title\" content=\"Das Abenteuerland &#8211; Abenteuerland Hochrhein in Lauchringen\" \/>\n<meta property=\"og:description\" content=\"Stellen Sie sich einen Platz vor, an dem Kinder und Jugendliche toben, spielen, sich verstecken, klettern, rennen oder sich einfach nur begegnen k\u00f6nnen.\" \/>\n<meta property=\"og:url\" content=\"https:\/\/faz-hochrhein.de\/abenteuerland\/ueber-uns\/\" \/>\n<meta property=\"og:site_name\" content=\"Abenteuerland Hochrhein in Lauchringen\" \/>\n<meta property=\"article:publisher\" content=\"https:\/\/www.facebook.com\/FamilienzentrumHochrhein\/\" \/>\n<meta property=\"article:modified_time\" content=\"2021-01-19T19:49:23+00:00\" \/>\n<meta property=\"og:image\" content=\"https:\/\/faz-hochrhein.de\/abenteuerland\/wp-content\/uploads\/2016\/03\/Abenteuerland-Gruppe-2-1024x549.jpg\" \/>\n\t<meta property=\"og:image:width\" content=\"1024\" \/>\n\t<meta property=\"og:image:height\" content=\"549\" \/>\n\t<meta property=\"og:image:type\" content=\"image\/jpeg\" \/>\n<meta name=\"twitter:card\" content=\"summary_large_image\" \/>\n<meta name=\"twitter:label1\" content=\"Gesch\u00e4tzte Lesezeit\" \/>\n\t<meta name=\"twitter:data1\" content=\"3\u00a0Minuten\" \/>\n<script type=\"application\/ld+json\" class=\"yoast-schema-graph\">{\"@context\":\"https:\/\/schema.org\",\"@graph\":[{\"@type\":\"WebPage\",\"@id\":\"https:\/\/faz-hochrhein.de\/abenteuerland\/ueber-uns\/\",\"url\":\"https:\/\/faz-hochrhein.de\/abenteuerland\/ueber-uns\/\",\"name\":\"Das Abenteuerland &#8211; Abenteuerland Hochrhein in Lauchringen\",\"isPartOf\":{\"@id\":\"https:\/\/faz-hochrhein.de\/abenteuerland\/#website\"},\"primaryImageOfPage\":{\"@id\":\"https:\/\/faz-hochrhein.de\/abenteuerland\/ueber-uns\/#primaryimage\"},\"image\":{\"@id\":\"https:\/\/faz-hochrhein.de\/abenteuerland\/ueber-uns\/#primaryimage\"},\"thumbnailUrl\":\"https:\/\/faz-hochrhein.de\/abenteuerland\/wp-content\/uploads\/2016\/03\/Abenteuerland-Gruppe-2.jpg\",\"datePublished\":\"2016-02-27T19:10:42+00:00\",\"dateModified\":\"2021-01-19T19:49:23+00:00\",\"description\":\"Stellen Sie sich einen Platz vor, an dem Kinder und Jugendliche toben, spielen, sich verstecken, klettern, rennen oder sich einfach nur begegnen k\u00f6nnen.\",\"breadcrumb\":{\"@id\":\"https:\/\/faz-hochrhein.de\/abenteuerland\/ueber-uns\/#breadcrumb\"},\"inLanguage\":\"de\",\"potentialAction\":[{\"@type\":\"ReadAction\",\"target\":[\"https:\/\/faz-hochrhein.de\/abenteuerland\/ueber-uns\/\"]}]},{\"@type\":\"ImageObject\",\"inLanguage\":\"de\",\"@id\":\"https:\/\/faz-hochrhein.de\/abenteuerland\/ueber-uns\/#primaryimage\",\"url\":\"https:\/\/faz-hochrhein.de\/abenteuerland\/wp-content\/uploads\/2016\/03\/Abenteuerland-Gruppe-2.jpg\",\"contentUrl\":\"https:\/\/faz-hochrhein.de\/abenteuerland\/wp-content\/uploads\/2016\/03\/Abenteuerland-Gruppe-2.jpg\",\"width\":1848,\"height\":992},{\"@type\":\"BreadcrumbList\",\"@id\":\"https:\/\/faz-hochrhein.de\/abenteuerland\/ueber-uns\/#breadcrumb\",\"itemListElement\":[{\"@type\":\"ListItem\",\"position\":1,\"name\":\"Home\",\"item\":\"https:\/\/faz-hochrhein.de\/abenteuerland\/\"},{\"@type\":\"ListItem\",\"position\":2,\"name\":\"Das Abenteuerland\"}]},{\"@type\":\"WebSite\",\"@id\":\"https:\/\/faz-hochrhein.de\/abenteuerland\/#website\",\"url\":\"https:\/\/faz-hochrhein.de\/abenteuerland\/\",\"name\":\"Abenteuerland Hochrhein in Lauchringen\",\"description\":\"Freie Entfaltung f\u00fcr Kinder &amp; Jugendliche\",\"publisher\":{\"@id\":\"https:\/\/faz-hochrhein.de\/abenteuerland\/#organization\"},\"potentialAction\":[{\"@type\":\"SearchAction\",\"target\":{\"@type\":\"EntryPoint\",\"urlTemplate\":\"https:\/\/faz-hochrhein.de\/abenteuerland\/?s={search_term_string}\"},\"query-input\":{\"@type\":\"PropertyValueSpecification\",\"valueRequired\":true,\"valueName\":\"search_term_string\"}}],\"inLanguage\":\"de\"},{\"@type\":\"Organization\",\"@id\":\"https:\/\/faz-hochrhein.de\/abenteuerland\/#organization\",\"name\":\"Familienzentrum Hochrhein\",\"url\":\"https:\/\/faz-hochrhein.de\/abenteuerland\/\",\"logo\":{\"@type\":\"ImageObject\",\"inLanguage\":\"de\",\"@id\":\"https:\/\/faz-hochrhein.de\/abenteuerland\/#\/schema\/logo\/image\/\",\"url\":\"https:\/\/faz-hochrhein.de\/abenteuerland\/wp-content\/uploads\/2016\/03\/Logo-Abenteuerland-Website.png\",\"contentUrl\":\"https:\/\/faz-hochrhein.de\/abenteuerland\/wp-content\/uploads\/2016\/03\/Logo-Abenteuerland-Website.png\",\"width\":478,\"height\":150,\"caption\":\"Familienzentrum Hochrhein\"},\"image\":{\"@id\":\"https:\/\/faz-hochrhein.de\/abenteuerland\/#\/schema\/logo\/image\/\"},\"sameAs\":[\"https:\/\/www.facebook.com\/FamilienzentrumHochrhein\/\"]}]}<\/script>\n<!-- \/ Yoast SEO plugin. -->","yoast_head_json":{"title":"Das Abenteuerland &#8211; Abenteuerland Hochrhein in Lauchringen","description":"Stellen Sie sich einen Platz vor, an dem Kinder und Jugendliche toben, spielen, sich verstecken, klettern, rennen oder sich einfach nur begegnen k\u00f6nnen.","robots":{"index":"index","follow":"follow","max-snippet":"max-snippet:-1","max-image-preview":"max-image-preview:large","max-video-preview":"max-video-preview:-1"},"canonical":"https:\/\/faz-hochrhein.de\/abenteuerland\/ueber-uns\/","og_locale":"de_DE","og_type":"article","og_title":"Das Abenteuerland &#8211; Abenteuerland Hochrhein in Lauchringen","og_description":"Stellen Sie sich einen Platz vor, an dem Kinder und Jugendliche toben, spielen, sich verstecken, klettern, rennen oder sich einfach nur begegnen k\u00f6nnen.","og_url":"https:\/\/faz-hochrhein.de\/abenteuerland\/ueber-uns\/","og_site_name":"Abenteuerland Hochrhein in Lauchringen","article_publisher":"https:\/\/www.facebook.com\/FamilienzentrumHochrhein\/","article_modified_time":"2021-01-19T19:49:23+00:00","og_image":[{"width":1024,"height":549,"url":"https:\/\/faz-hochrhein.de\/abenteuerland\/wp-content\/uploads\/2016\/03\/Abenteuerland-Gruppe-2-1024x549.jpg","type":"image\/jpeg"}],"twitter_card":"summary_large_image","twitter_misc":{"Gesch\u00e4tzte Lesezeit":"3\u00a0Minuten"},"schema":{"@context":"https:\/\/schema.org","@graph":[{"@type":"WebPage","@id":"https:\/\/faz-hochrhein.de\/abenteuerland\/ueber-uns\/","url":"https:\/\/faz-hochrhein.de\/abenteuerland\/ueber-uns\/","name":"Das Abenteuerland &#8211; Abenteuerland Hochrhein in Lauchringen","isPartOf":{"@id":"https:\/\/faz-hochrhein.de\/abenteuerland\/#website"},"primaryImageOfPage":{"@id":"https:\/\/faz-hochrhein.de\/abenteuerland\/ueber-uns\/#primaryimage"},"image":{"@id":"https:\/\/faz-hochrhein.de\/abenteuerland\/ueber-uns\/#primaryimage"},"thumbnailUrl":"https:\/\/faz-hochrhein.de\/abenteuerland\/wp-content\/uploads\/2016\/03\/Abenteuerland-Gruppe-2.jpg","datePublished":"2016-02-27T19:10:42+00:00","dateModified":"2021-01-19T19:49:23+00:00","description":"Stellen Sie sich einen Platz vor, an dem Kinder und Jugendliche toben, spielen, sich verstecken, klettern, rennen oder sich einfach nur begegnen k\u00f6nnen.","breadcrumb":{"@id":"https:\/\/faz-hochrhein.de\/abenteuerland\/ueber-uns\/#breadcrumb"},"inLanguage":"de","potentialAction":[{"@type":"ReadAction","target":["https:\/\/faz-hochrhein.de\/abenteuerland\/ueber-uns\/"]}]},{"@type":"ImageObject","inLanguage":"de","@id":"https:\/\/faz-hochrhein.de\/abenteuerland\/ueber-uns\/#primaryimage","url":"https:\/\/faz-hochrhein.de\/abenteuerland\/wp-content\/uploads\/2016\/03\/Abenteuerland-Gruppe-2.jpg","contentUrl":"https:\/\/faz-hochrhein.de\/abenteuerland\/wp-content\/uploads\/2016\/03\/Abenteuerland-Gruppe-2.jpg","width":1848,"height":992},{"@type":"BreadcrumbList","@id":"https:\/\/faz-hochrhein.de\/abenteuerland\/ueber-uns\/#breadcrumb","itemListElement":[{"@type":"ListItem","position":1,"name":"Home","item":"https:\/\/faz-hochrhein.de\/abenteuerland\/"},{"@type":"ListItem","position":2,"name":"Das Abenteuerland"}]},{"@type":"WebSite","@id":"https:\/\/faz-hochrhein.de\/abenteuerland\/#website","url":"https:\/\/faz-hochrhein.de\/abenteuerland\/","name":"Abenteuerland Hochrhein in Lauchringen","description":"Freie Entfaltung f\u00fcr Kinder &amp; Jugendliche","publisher":{"@id":"https:\/\/faz-hochrhein.de\/abenteuerland\/#organization"},"potentialAction":[{"@type":"SearchAction","target":{"@type":"EntryPoint","urlTemplate":"https:\/\/faz-hochrhein.de\/abenteuerland\/?s={search_term_string}"},"query-input":{"@type":"PropertyValueSpecification","valueRequired":true,"valueName":"search_term_string"}}],"inLanguage":"de"},{"@type":"Organization","@id":"https:\/\/faz-hochrhein.de\/abenteuerland\/#organization","name":"Familienzentrum Hochrhein","url":"https:\/\/faz-hochrhein.de\/abenteuerland\/","logo":{"@type":"ImageObject","inLanguage":"de","@id":"https:\/\/faz-hochrhein.de\/abenteuerland\/#\/schema\/logo\/image\/","url":"https:\/\/faz-hochrhein.de\/abenteuerland\/wp-content\/uploads\/2016\/03\/Logo-Abenteuerland-Website.png","contentUrl":"https:\/\/faz-hochrhein.de\/abenteuerland\/wp-content\/uploads\/2016\/03\/Logo-Abenteuerland-Website.png","width":478,"height":150,"caption":"Familienzentrum Hochrhein"},"image":{"@id":"https:\/\/faz-hochrhein.de\/abenteuerland\/#\/schema\/logo\/image\/"},"sameAs":["https:\/\/www.facebook.com\/FamilienzentrumHochrhein\/"]}]}},"jetpack_sharing_enabled":false,"uagb_featured_image_src":{"full":["https:\/\/faz-hochrhein.de\/abenteuerland\/wp-content\/uploads\/2016\/03\/Abenteuerland-Gruppe-2.jpg",1848,992,false],"thumbnail":["https:\/\/faz-hochrhein.de\/abenteuerland\/wp-content\/uploads\/2016\/03\/Abenteuerland-Gruppe-2-150x150.jpg",150,150,true],"medium":["https:\/\/faz-hochrhein.de\/abenteuerland\/wp-content\/uploads\/2016\/03\/Abenteuerland-Gruppe-2-300x161.jpg",300,161,true],"medium_large":["https:\/\/faz-hochrhein.de\/abenteuerland\/wp-content\/uploads\/2016\/03\/Abenteuerland-Gruppe-2-768x412.jpg",768,412,true],"large":["https:\/\/faz-hochrhein.de\/abenteuerland\/wp-content\/uploads\/2016\/03\/Abenteuerland-Gruppe-2-1024x549.jpg",1024,549,true],"1536x1536":["https:\/\/faz-hochrhein.de\/abenteuerland\/wp-content\/uploads\/2016\/03\/Abenteuerland-Gruppe-2.jpg",1536,825,false],"2048x2048":["https:\/\/faz-hochrhein.de\/abenteuerland\/wp-content\/uploads\/2016\/03\/Abenteuerland-Gruppe-2.jpg",1848,992,false],"ocean-thumb-m":["https:\/\/faz-hochrhein.de\/abenteuerland\/wp-content\/uploads\/2016\/03\/Abenteuerland-Gruppe-2.jpg",600,322,false],"ocean-thumb-ml":["https:\/\/faz-hochrhein.de\/abenteuerland\/wp-content\/uploads\/2016\/03\/Abenteuerland-Gruppe-2.jpg",800,429,false],"ocean-thumb-l":["https:\/\/faz-hochrhein.de\/abenteuerland\/wp-content\/uploads\/2016\/03\/Abenteuerland-Gruppe-2.jpg",1200,644,false],"wcicon":["https:\/\/faz-hochrhein.de\/abenteuerland\/wp-content\/uploads\/2016\/03\/Abenteuerland-Gruppe-2.jpg",48,26,false],"wcsquare":["https:\/\/faz-hochrhein.de\/abenteuerland\/wp-content\/uploads\/2016\/03\/Abenteuerland-Gruppe-2.jpg",300,161,false],"wcsmall":["https:\/\/faz-hochrhein.de\/abenteuerland\/wp-content\/uploads\/2016\/03\/Abenteuerland-Gruppe-2.jpg",250,134,false],"wcstandard":["https:\/\/faz-hochrhein.de\/abenteuerland\/wp-content\/uploads\/2016\/03\/Abenteuerland-Gruppe-2.jpg",550,295,false],"wcbig":["https:\/\/faz-hochrhein.de\/abenteuerland\/wp-content\/uploads\/2016\/03\/Abenteuerland-Gruppe-2.jpg",800,429,false],"wcfixedheightsmall":["https:\/\/faz-hochrhein.de\/abenteuerland\/wp-content\/uploads\/2016\/03\/Abenteuerland-Gruppe-2.jpg",335,180,false],"wcfixedheightmedium":["https:\/\/faz-hochrhein.de\/abenteuerland\/wp-content\/uploads\/2016\/03\/Abenteuerland-Gruppe-2.jpg",559,300,false],"wcfixedheight":["https:\/\/faz-hochrhein.de\/abenteuerland\/wp-content\/uploads\/2016\/03\/Abenteuerland-Gruppe-2.jpg",931,500,false],"wccarouselsmall":["https:\/\/faz-hochrhein.de\/abenteuerland\/wp-content\/uploads\/2016\/03\/Abenteuerland-Gruppe-2.jpg",210,113,false],"wccarousel":["https:\/\/faz-hochrhein.de\/abenteuerland\/wp-content\/uploads\/2016\/03\/Abenteuerland-Gruppe-2.jpg",400,215,false],"wcslider":["https:\/\/faz-hochrhein.de\/abenteuerland\/wp-content\/uploads\/2016\/03\/Abenteuerland-Gruppe-2.jpg",931,500,false]},"uagb_author_info":{"display_name":"Abenteuerland Hochrhein","author_link":"https:\/\/faz-hochrhein.de\/abenteuerland\/author\/abenteuerland_admin\/"},"uagb_comment_info":0,"uagb_excerpt":"Stellt euch einen Ort vor, wo sich behinderte und nicht-behinderte Kinder und Jugendliche unter p\u00e4dagogischer Anleitung treffen, spielen und entwickeln k\u00f6nnen &#8211; v\u00f6llig ungezwungen und frei. Und dies nicht nur bei sch\u00f6nem Wetter, sondern das ganze Jahr, auch in unserer Spiel- und Erlebnisscheune. Das Abenteuerland bietet Kindern und Jugendlichen die M\u00f6glichkeit, sich frei und unbezwungen&hellip;","_links":{"self":[{"href":"https:\/\/faz-hochrhein.de\/abenteuerland\/wp-json\/wp\/v2\/pages\/10","targetHints":{"allow":["GET"]}}],"collection":[{"href":"https:\/\/faz-hochrhein.de\/abenteuerland\/wp-json\/wp\/v2\/pages"}],"about":[{"href":"https:\/\/faz-hochrhein.de\/abenteuerland\/wp-json\/wp\/v2\/types\/page"}],"author":[{"embeddable":true,"href":"https:\/\/faz-hochrhein.de\/abenteuerland\/wp-json\/wp\/v2\/users\/1"}],"replies":[{"embeddable":true,"href":"https:\/\/faz-hochrhein.de\/abenteuerland\/wp-json\/wp\/v2\/comments?post=10"}],"version-history":[{"count":41,"href":"https:\/\/faz-hochrhein.de\/abenteuerland\/wp-json\/wp\/v2\/pages\/10\/revisions"}],"predecessor-version":[{"id":3157,"href":"https:\/\/faz-hochrhein.de\/abenteuerland\/wp-json\/wp\/v2\/pages\/10\/revisions\/3157"}],"wp:featuredmedia":[{"embeddable":true,"href":"https:\/\/faz-hochrhein.de\/abenteuerland\/wp-json\/wp\/v2\/media\/196"}],"wp:attachment":[{"href":"https:\/\/faz-hochrhein.de\/abenteuerland\/wp-json\/wp\/v2\/media?parent=10"}],"curies":[{"name":"wp","href":"https:\/\/api.w.org\/{rel}","templated":true}]}}